{"id":56346,"date":"2024-09-05T08:54:31","date_gmt":"2024-09-05T12:54:31","guid":{"rendered":"https:\/\/curacaotodo.com\/activity\/excursiones-privadas-en-barco-por-curacao\/"},"modified":"2024-09-05T08:54:31","modified_gmt":"2024-09-05T12:54:31","slug":"excursiones-privadas-en-barco-por-curacao","status":"publish","type":"product","link":"https:\/\/staging.curacaotodo.com\/es\/actividad\/excursiones-privadas-en-barco-por-curacao\/","title":{"rendered":"Excursiones Privadas en Barco por Cura\u00e7ao"},"content":{"rendered":"<h2>Experimenta lo mejor con las Excursiones Privadas en Barco de Cura\u00e7ao<\/h2><h3>\u00bfPor qu\u00e9 elegir nuestros viajes?<\/h3><p>Las excursiones privadas en barco por Cura\u00e7ao ofrecen algo m\u00e1s que un simple paseo por aguas hermosas: prometen una escapada a medida al mundo del lujo, la intimidad y la belleza natural. Nuestra flota de embarcaciones premium est\u00e1 equipada con todas las comodidades que necesitas para un d\u00eda de indulgencia en el mar. Desde amplias cubiertas para tomar el sol hasta c\u00f3modos salones y equipos de buceo de \u00faltima generaci\u00f3n, cada aspecto de tu viaje est\u00e1 dise\u00f1ado para ofrecerte la m\u00e1xima comodidad y disfrute.  <\/p><h4>Itinerarios a medida<\/h4><p>Nuestras excursiones no son s\u00f3lo viajes; son experiencias elaboradas en torno a tus intereses y deseos. Tanto si quieres explorar la famosa cueva Blue Room, conocida por su et\u00e9rea luz azul bajo el agua, como si prefieres fondear junto a las solitarias playas de <a href=\"https:\/\/staging.curacaotodo.com\/es\/klein-curacao\/\">Klein Cura\u00e7ao<\/a>, nuestra experta tripulaci\u00f3n adaptar\u00e1 el itinerario a tus preferencias. <\/p><h4>Acceso exclusivo<\/h4><p>Con una excursi\u00f3n privada en barco, evitar\u00e1s los lugares abarrotados a los que acuden muchos turistas. Te proporcionamos acceso a zonas exclusivas de la isla y sus alrededores, d\u00e1ndote la paz y el espacio necesarios para disfrutar de la pr\u00edstina belleza natural de Cura\u00e7ao en soledad o con tus seres queridos. <\/p><h3>Servicio y experiencias inigualables<\/h3><p>Entendemos que nuestros clientes buscan un servicio excepcional. Los miembros de nuestra tripulaci\u00f3n no s\u00f3lo est\u00e1n formados en seguridad y navegaci\u00f3n, sino tambi\u00e9n en hospitalidad, para garantizar que est\u00e9s bien atendido. Desde servir comidas gourmet preparadas a bordo hasta guiarte por fascinantes lugares para bucear, van m\u00e1s all\u00e1 para que tu viaje sea memorable.  <\/p><h4>Un toque personal<\/h4><p>Uno de nuestros hu\u00e9spedes, John, comparti\u00f3 su experiencia con nosotros: \u201cLo mejor de nuestro viaje a Cura\u00e7ao fue sin duda la excursi\u00f3n privada en barco que hicimos. Era nuestro aniversario, y la tripulaci\u00f3n nos sorprendi\u00f3 con una cena al <a href=\"https:\/\/staging.curacaotodo.com\/es\/actividades-acuaticas\/sunset-boat-trips\/\">atardecer<\/a> en medio del oc\u00e9ano. Fue m\u00e1gico, la comida era exquisita y las vistas eran de otro mundo. Parec\u00eda como si todo el mar fuera nuestro durante la velada\u201d.<\/p><h3>Nuestro compromiso con la excelencia<\/h3><p>Elegir nuestras excursiones privadas en barco por Cura\u00e7ao significa optar por lo mejor. No s\u00f3lo ofrecemos una experiencia de lujo, sino que tambi\u00e9n nos aseguramos de que sea segura y respetuosa con el medio ambiente. Nuestras embarcaciones se mantienen al m\u00e1s alto nivel, y operamos con un profundo respeto por el entorno marino, ayudando a preservarlo para las generaciones futuras.  <\/p><p>Tanto si buscas aventura como relax o un poco de ambos, nuestras excursiones privadas en barco por Cura\u00e7ao te ofrecen una experiencia inigualable. Navega lejos de lo cotidiano y sum\u00e9rgete en el exclusivo mundo del lujo marino a medida. <\/p><div class=\"flex max-w-full flex-col flex-grow\"><div data-message-author-role=\"assistant\" data-message-id=\"624c3249-8356-46fb-99a8-d0c8cbb6e38b\" dir=\"auto\" class=\"min-h-[20px] text-message flex w-full flex-col items-end gap-2 break-words [.text-message+&amp;]:mt-5 overflow-x-auto whitespace-normal\"><div class=\"flex w-full flex-col gap-1 empty:hidden first:pt-[3px]\"><div class=\"markdown prose w-full break-words dark:prose-invert light\"><h2>Explora y Del\u00e9itate: La Mejor Experiencia en Excursiones Privadas en Barco de Cura\u00e7ao<\/h2><h3>Descubre el lado exclusivo de Cura\u00e7ao<\/h3><p>Cura\u00e7ao es un tesoro de playas impresionantes, vibrante vida marina y calas solitarias a las que s\u00f3lo se puede acceder en barco, lo que la convierte en el destino perfecto para las excursiones privadas en barco. Cuando eliges nuestras exclusivas excursiones, te embarcas en un lujoso viaje que promete no s\u00f3lo relajaci\u00f3n y privacidad, sino tambi\u00e9n una visi\u00f3n \u00edntima de la belleza \u00fanica de este para\u00edso caribe\u00f1o. <\/p><h4>Itinerarios personalizados adaptados a tus preferencias<\/h4><p>Nuestras excursiones privadas en barco son totalmente personalizables, lo que te permite explorar Cura\u00e7ao a tu propio ritmo y seg\u00fan tus propios intereses. Ya sea buceando en las brillantes aguas de Coral Estate o tomando c\u00f3cteles bajo el sol cerca de <a href=\"https:\/\/staging.curacaotodo.com\/es\/playas\/playa-porto-mari-beach\/\">Playa Porto Mari<\/a>, tu excursi\u00f3n est\u00e1 dise\u00f1ada para proporcionarte una experiencia personalizada y exclusiva. <\/p><h4>Lujo en el mar<\/h4><p>Nuestra flota de barcos de alta gama est\u00e1 equipada con todas las comodidades que puedas desear para un d\u00eda de lujo en el agua. C\u00f3modos asientos, vistas panor\u00e1micas, sistemas de sonido de \u00faltima generaci\u00f3n y cenas a bordo con aperitivos y bebidas gourmet preparan el escenario para una salida verdaderamente opulenta. <\/p><h3>Servicio y experiencias inigualables<\/h3><p>Nos enorgullecemos de ofrecer no s\u00f3lo un servicio de navegaci\u00f3n, sino una experiencia de lujo que comienza en el momento en que subes a bordo. Nuestra cualificada y cort\u00e9s tripulaci\u00f3n est\u00e1 dedicada a tu comodidad y dispuesta a satisfacer todas tus necesidades, asegur\u00e1ndose de que todos los aspectos de tu excursi\u00f3n sean perfectos. <\/p><h4>Una an\u00e9cdota personal<\/h4><p>Una de nuestras invitadas, Emily, nos cont\u00f3 su experiencia: \u201cPara mi 40 cumplea\u00f1os, reservamos una excursi\u00f3n privada en barco a trav\u00e9s de vuestra empresa. La tripulaci\u00f3n fue incre\u00edblemente atenta, asegur\u00e1ndose de que todos estuvi\u00e9ramos c\u00f3modos y entretenidos. Nos llevaron a un lugar de buceo de una belleza impresionante, repleto de peces de colores e incluso algunas tortugas marinas. Fue un d\u00eda que nunca olvidaremos y que hizo que mi cumplea\u00f1os fuera realmente especial.\u201d<\/p><h3>Compromiso con la excelencia<\/h3><p>Elegir nuestras excursiones privadas en barco por Cura\u00e7ao significa optar por lo mejor en t\u00e9rminos de lujo, servicio personal y experiencias inolvidables. Entendemos que nuestros exigentes clientes esperan los m\u00e1s altos est\u00e1ndares, y se los proporcionamos prestando una meticulosa atenci\u00f3n a los detalles, desde la limpieza de nuestras embarcaciones hasta la calidad de nuestras rutas tur\u00edsticas. <\/p><p>Las excursiones privadas en barco por Cura\u00e7ao ofrecen una oportunidad inigualable de disfrutar del espectacular paisaje costero de la isla en un entorno privado y refinado. Tanto si buscas aventura, relajaci\u00f3n o simplemente una forma \u00fanica de celebrar una ocasi\u00f3n especial, nuestras excursiones proporcionan una experiencia inigualable que te dejar\u00e1 recuerdos imborrables del para\u00edso oculto del Caribe. <\/p><\/div><\/div><\/div><\/div><div class=\"mt-1 flex gap-3 empty:hidden -ml-2\"><div class=\"items-center justify-start rounded-xl p-1 flex\"><div class=\"flex items-center\"><div class=\"flex items-center pb-0\"><div class=\"[&amp;_svg]:h-full [&amp;_svg]:w-full icon-md h-4 w-4\"><\/div><p><span class=\"overflow-hidden text-clip whitespace-nowrap text-sm\">4<\/span><\/p><\/div><\/div><\/div><\/div>","protected":false},"excerpt":{"rendered":"<p>Emb\u00e1rcate en un viaje inolvidable por las serenas aguas de Curazao con nuestras exclusivas excursiones privadas en barco. Situada en el coraz\u00f3n del Caribe, Cura\u00e7ao es una joya que mezcla el vibrante ambiente del Caribe con una rica herencia holandesa, creando un tapiz cultural \u00fanico que resulta encantador e impresionante. La isla no es s\u00f3lo un para\u00edso para los amantes de la playa, sino tambi\u00e9n un santuario para quienes buscan una experiencia mar\u00edtima m\u00e1s privada y lujosa.  <\/p>\n","protected":false},"featured_media":56348,"comment_status":"open","ping_status":"closed","template":"","meta":{"_acf_changed":false},"activity-source":[],"company-partner":[],"store":[],"product_brand":[],"product_cat":[466],"product_tag":[4235],"class_list":{"0":"post-56346","1":"product","2":"type-product","3":"status-publish","4":"has-post-thumbnail","6":"product_cat-sin-categorizar","7":"product_tag-remyx-tours-es","9":"first","10":"instock","11":"shipping-taxable","12":"product-type-simple"},"acf":[],"_links":{"self":[{"href":"https:\/\/staging.curacaotodo.com\/es\/wp-json\/wp\/v2\/product\/56346","targetHints":{"allow":["GET"]}}],"collection":[{"href":"https:\/\/staging.curacaotodo.com\/es\/wp-json\/wp\/v2\/product"}],"about":[{"href":"https:\/\/staging.curacaotodo.com\/es\/wp-json\/wp\/v2\/types\/product"}],"replies":[{"embeddable":true,"href":"https:\/\/staging.curacaotodo.com\/es\/wp-json\/wp\/v2\/comments?post=56346"}],"wp:featuredmedia":[{"embeddable":true,"href":"https:\/\/staging.curacaotodo.com\/es\/wp-json\/wp\/v2\/media\/56348"}],"wp:attachment":[{"href":"https:\/\/staging.curacaotodo.com\/es\/wp-json\/wp\/v2\/media?parent=56346"}],"wp:term":[{"taxonomy":"activity-source","embeddable":true,"href":"https:\/\/staging.curacaotodo.com\/es\/wp-json\/wp\/v2\/activity-source?post=56346"},{"taxonomy":"company-partner","embeddable":true,"href":"https:\/\/staging.curacaotodo.com\/es\/wp-json\/wp\/v2\/company-partner?post=56346"},{"taxonomy":"store","embeddable":true,"href":"https:\/\/staging.curacaotodo.com\/es\/wp-json\/wp\/v2\/store?post=56346"},{"taxonomy":"product_brand","embeddable":true,"href":"https:\/\/staging.curacaotodo.com\/es\/wp-json\/wp\/v2\/product_brand?post=56346"},{"taxonomy":"product_cat","embeddable":true,"href":"https:\/\/staging.curacaotodo.com\/es\/wp-json\/wp\/v2\/product_cat?post=56346"},{"taxonomy":"product_tag","embeddable":true,"href":"https:\/\/staging.curacaotodo.com\/es\/wp-json\/wp\/v2\/product_tag?post=56346"}],"curies":[{"name":"wp","href":"https:\/\/api.w.org\/{rel}","templated":true}]}}