{"id":56344,"date":"2024-09-05T09:23:10","date_gmt":"2024-09-05T13:23:10","guid":{"rendered":"https:\/\/curacaotodo.com\/activity\/inmersiones-guiadas-curacao\/"},"modified":"2024-09-05T09:23:10","modified_gmt":"2024-09-05T13:23:10","slug":"inmersiones-guiadas-curacao","status":"publish","type":"product","link":"https:\/\/staging.curacaotodo.com\/es\/actividad\/inmersiones-guiadas-curacao\/","title":{"rendered":"Inmersiones guiadas Cura\u00e7ao"},"content":{"rendered":"<h2>Por qu\u00e9 elegir nuestras inmersiones guiadas en Cura\u00e7ao<\/h2>\n<h3>Una experiencia de buceo a tu medida<\/h3>\n<p>En Unique Diving Cura\u00e7ao, creemos que cada inmersi\u00f3n debe ser una experiencia \u00fanica en la vida. Nuestras inmersiones guiadas est\u00e1n pensadas para ofrecer una aventura exclusiva y personalizada en las aguas que rodean Cura\u00e7ao. Tanto si eres un buceador experimentado que busca la emoci\u00f3n de aguas m\u00e1s profundas como si eres un principiante deseoso de explorar las aguas poco profundas, nos aseguramos de que cada inmersi\u00f3n se adapte perfectamente a tus necesidades. Nuestros experimentados gu\u00edas de buceo no s\u00f3lo son expertos en submarinismo, sino que tambi\u00e9n poseen amplios conocimientos locales, lo que les permite conocer los mejores puntos de inmersi\u00f3n ocultos que se encuentran fuera de los caminos trillados.   <\/p>\n<h3>Experimenta los mejores puntos de inmersi\u00f3n de Cura\u00e7ao<\/h3>\n<p>Con nosotros, explorar\u00e1s los mejores lugares de buceo de Cura\u00e7ao, como el famoso Pecio del Remolcador, el Bosque de los Hongos y la emblem\u00e1tica cueva de la Habitaci\u00f3n Azul. Cada uno de estos puntos de inmersi\u00f3n ofrece algo \u00fanico, desde impresionantes jardines de coral hasta intrigantes cuevas submarinas. Nuestros gu\u00edas son unos apasionados de la vida marina de Cura\u00e7ao y te introducir\u00e1n en el vibrante ecosistema de la isla, donde podr\u00e1s encontrar tortugas marinas verdes, rayas \u00e1guila y coloridos peces loro.  <\/p>\n<p>Algunas de las inmersiones guiadas m\u00e1s destacadas son:<\/p>\n<ul>\n<li><strong>Itinerarios de buceo personalizados<\/strong>: Adaptados a tu nivel e intereses<\/li>\n<li><strong>Lugares de inmersi\u00f3n exclusivos<\/strong>: Acceso a joyas ocultas que a menudo se pasan por alto<\/li>\n<li><strong>Gu\u00eda experto<\/strong>: Maestros de buceo locales con un profundo conocimiento de la zona<\/li>\n<li><strong>Seguridad y comodidad<\/strong>: Bucea con la confianza que da bucear con profesionales<\/li>\n<\/ul>\n<p><em>\u201c\u00a1Tuve la experiencia m\u00e1s incre\u00edble buceando con Unique Diving Cura\u00e7ao! Nuestro gu\u00eda sab\u00eda exactamente d\u00f3nde encontrar los mejores lugares, y vimos much\u00edsima vida marina. No puedo recomendarlo lo suficiente\u201d. \u2013 Anna, una visitante reciente de los Pa\u00edses Bajos.<\/em><\/p>\n<h3>Lo que nos diferencia<\/h3>\n<p>Nos enorgullecemos de ofrecer experiencias de buceo de lujo que van m\u00e1s all\u00e1 de lo ordinario. Nuestro compromiso con la calidad, la seguridad y el servicio personalizado garantiza que cada inmersi\u00f3n con nosotros sea inolvidable. Tanto si est\u00e1s planeando tu primera inmersi\u00f3n como si quieres ampliar tu extensa cartera de inmersiones, nuestras inmersiones guiadas en Cura\u00e7ao te ofrecen una aventura \u00fanica de alto nivel en uno de los mejores destinos de buceo del Caribe.  <\/p>\n<h2>Preguntas frecuentes sobre las inmersiones guiadas en Cura\u00e7ao<\/h2>\n<h3>\u00bfCu\u00e1l es la mejor \u00e9poca del a\u00f1o para bucear en Cura\u00e7ao?<\/h3>\n<p>En Cura\u00e7ao se puede bucear todo el a\u00f1o, pero la mejor \u00e9poca para hacerlo es entre diciembre y mayo, cuando el tiempo es seco y el mar est\u00e1 en calma. Sin embargo, el agua sigue siendo c\u00e1lida y clara durante todo el a\u00f1o, lo que la convierte en un destino fant\u00e1stico independientemente de cu\u00e1ndo la visites. <\/p>\n<h3>\u00bfNecesito ser un buceador experimentado para apuntarme a una inmersi\u00f3n guiada?<\/h3>\n<p>\u00a1En absoluto! Nuestras inmersiones guiadas son adecuadas para todos los niveles, desde principiantes hasta buceadores avanzados. Adaptamos cada inmersi\u00f3n a tu nivel de experiencia y nos aseguramos de que todos se sientan c\u00f3modos y seguros en el agua.  <\/p>\n<h3>\u00bfQu\u00e9 equipo necesito para una inmersi\u00f3n guiada?<\/h3>\n<p>Proporcionamos todo el equipo de buceo necesario, incluidos trajes de neopreno, botellas y reguladores. Sin embargo, si prefieres utilizar tu propio equipo, puedes traerlo. S\u00f3lo tienes que dec\u00edrnoslo con antelaci\u00f3n.  <\/p>\n<h3>\u00bfHay alg\u00fan coste adicional por las inmersiones guiadas?<\/h3>\n<p>Nuestros paquetes de inmersiones guiadas incluyen el gu\u00eda de buceo, el alquiler del equipo y el transporte de ida y vuelta a los puntos de inmersi\u00f3n. Ofrecemos precios competitivos sin cargos ocultos, lo que garantiza que obtendr\u00e1s la mejor relaci\u00f3n calidad-precio. <\/p>\n<p>Tanto si quieres experimentar tu primera inmersi\u00f3n como explorar los puntos de inmersi\u00f3n m\u00e1s desafiantes de Cura\u00e7ao, nuestras inmersiones guiadas ofrecen la forma perfecta de descubrir los tesoros submarinos de la isla de una manera segura, lujosa e inolvidable.<\/p>\n","protected":false},"excerpt":{"rendered":"<p>Una inmersi\u00f3n guiada en Cura\u00e7ao es la forma perfecta de explorar el vibrante mundo submarino de esta joya del Caribe. Situada en el coraz\u00f3n del Caribe holand\u00e9s, Cura\u00e7ao ofrece una extraordinaria experiencia de buceo tanto para buceadores principiantes como experimentados. La isla es famosa por sus aguas cristalinas, repletas de coloridos arrecifes de coral y abundante vida marina. Desde espectaculares inmersiones de pared hasta suaves entradas desde la costa, las inmersiones guiadas en Cura\u00e7ao te permiten experimentar los mejores lugares de inmersi\u00f3n, acompa\u00f1ado por expertos maestros de buceo que conocen los entresijos de cada lugar. Tanto si quieres explorar arrecifes ocultos como encontrarte con tortugas marinas y rayas, una inmersi\u00f3n guiada te garantiza que no te perder\u00e1s nada.    <br data-mce-bogus=\"1\"><\/p>\n","protected":false},"featured_media":56345,"comment_status":"open","ping_status":"closed","template":"","meta":{"_acf_changed":false},"activity-source":[],"company-partner":[],"store":[],"product_brand":[],"product_cat":[466],"product_tag":[4234],"class_list":{"0":"post-56344","1":"product","2":"type-product","3":"status-publish","4":"has-post-thumbnail","6":"product_cat-sin-categorizar","7":"product_tag-unique-diving-es","9":"first","10":"instock","11":"shipping-taxable","12":"product-type-simple"},"acf":[],"_links":{"self":[{"href":"https:\/\/staging.curacaotodo.com\/es\/wp-json\/wp\/v2\/product\/56344","targetHints":{"allow":["GET"]}}],"collection":[{"href":"https:\/\/staging.curacaotodo.com\/es\/wp-json\/wp\/v2\/product"}],"about":[{"href":"https:\/\/staging.curacaotodo.com\/es\/wp-json\/wp\/v2\/types\/product"}],"replies":[{"embeddable":true,"href":"https:\/\/staging.curacaotodo.com\/es\/wp-json\/wp\/v2\/comments?post=56344"}],"wp:featuredmedia":[{"embeddable":true,"href":"https:\/\/staging.curacaotodo.com\/es\/wp-json\/wp\/v2\/media\/56345"}],"wp:attachment":[{"href":"https:\/\/staging.curacaotodo.com\/es\/wp-json\/wp\/v2\/media?parent=56344"}],"wp:term":[{"taxonomy":"activity-source","embeddable":true,"href":"https:\/\/staging.curacaotodo.com\/es\/wp-json\/wp\/v2\/activity-source?post=56344"},{"taxonomy":"company-partner","embeddable":true,"href":"https:\/\/staging.curacaotodo.com\/es\/wp-json\/wp\/v2\/company-partner?post=56344"},{"taxonomy":"store","embeddable":true,"href":"https:\/\/staging.curacaotodo.com\/es\/wp-json\/wp\/v2\/store?post=56344"},{"taxonomy":"product_brand","embeddable":true,"href":"https:\/\/staging.curacaotodo.com\/es\/wp-json\/wp\/v2\/product_brand?post=56344"},{"taxonomy":"product_cat","embeddable":true,"href":"https:\/\/staging.curacaotodo.com\/es\/wp-json\/wp\/v2\/product_cat?post=56344"},{"taxonomy":"product_tag","embeddable":true,"href":"https:\/\/staging.curacaotodo.com\/es\/wp-json\/wp\/v2\/product_tag?post=56344"}],"curies":[{"name":"wp","href":"https:\/\/api.w.org\/{rel}","templated":true}]}}