{"id":56340,"date":"2024-09-05T08:12:24","date_gmt":"2024-09-05T12:12:24","guid":{"rendered":"https:\/\/curacaotodo.com\/activity\/excursiones-de-buceo-curacao-siteseeing\/"},"modified":"2024-09-05T08:12:24","modified_gmt":"2024-09-05T12:12:24","slug":"excursiones-de-buceo-curacao-siteseeing","status":"publish","type":"product","link":"https:\/\/staging.curacaotodo.com\/es\/actividad\/excursiones-de-buceo-curacao-siteseeing\/","title":{"rendered":"Excursiones de buceo Cura\u00e7ao Siteseeing"},"content":{"rendered":"<h2>Excursiones de buceo en Cura\u00e7ao: Una experiencia lujosa e inolvidable<\/h2><p>Si buscas una aventura extraordinaria que combine lujo y naturaleza, Dive Tours Cura\u00e7ao Siteseeing te ofrece justo eso. Cura\u00e7ao es conocida por sus excepcionales lugares de inmersi\u00f3n, que van desde jardines de coral poco profundos hasta inmersiones m\u00e1s profundas en pecios. Tanto si eres un principiante como un buceador experimentado, nuestras excursiones guiadas por expertos garantizan una experiencia segura y enriquecedora mientras exploras las maravillas que hay bajo el mar Caribe.  <\/p><h3>\u00bfPor qu\u00e9 elegir nuestros viajes de buceo?<\/h3><p>Nuestras excursiones de buceo est\u00e1n dise\u00f1adas para quienes s\u00f3lo esperan lo mejor. Nos enorgullecemos de ofrecer experiencias de primera con grupos reducidos, atenci\u00f3n personalizada y el equipo de buceo m\u00e1s moderno. Las aguas cristalinas de Cura\u00e7ao albergan una fascinante variedad de vida marina, como vibrantes corales, tortugas marinas e incluso alg\u00fan que otro delf\u00edn. Con nosotros, visitar\u00e1s lugares de inmersi\u00f3n emblem\u00e1ticos como:   <\/p><ul><li><strong>Bosque de setas<\/strong>: Un para\u00edso submarino lleno de formaciones coralinas con forma de seta y abundantes especies de peces.<\/li><li><strong>Pecio del Remolcador<\/strong>: Una inmersi\u00f3n en pecio poco profunda, perfecta para principiantes, donde podr\u00e1s encontrar coloridos bancos de peces y curiosas anguilas.<\/li><li><strong>Cueva de la Habitaci\u00f3n Azul<\/strong>: Una impresionante cueva submarina en la que se filtra la luz del sol, creando un resplandor azul de otro mundo: una visita obligada para cualquier buceador.<\/li><\/ul><p>Pero nuestras excursiones no se limitan a la experiencia submarina. En la superficie, tendr\u00e1s la oportunidad de relajarte y disfrutar de la espectacular costa de Cura\u00e7ao, con sus playas v\u00edrgenes y aguas turquesas. Tras la inmersi\u00f3n, del\u00e9itate con una comida gourmet preparada por chefs locales, con marisco reci\u00e9n capturado y los sabores de la isla. Esto es m\u00e1s que una excursi\u00f3n de buceo: es una escapada de lujo a la belleza de Cura\u00e7ao.   <\/p><h3>Visitas tur\u00edsticas exclusivas y excursiones por tierra<\/h3><p>Adem\u00e1s de las incre\u00edbles experiencias de buceo, nuestro paquete Dive Tours Cura\u00e7ao Siteseeing tambi\u00e9n incluye excursiones por tierra a algunos de los lugares m\u00e1s famosos de la isla. Visita la hist\u00f3rica <a href=\"https:\/\/staging.curacaotodo.com\/es\/areas\/willemstad\/\">Willemstad<\/a>, declarada Patrimonio de la Humanidad por la UNESCO, y explora la colorida arquitectura de los edificios coloniales holandeses. O haz un viaje panor\u00e1mico al Parque Nacional de Christoffel, donde podr\u00e1s subir a pie hasta el pico m\u00e1s alto de la isla y disfrutar de vistas panor\u00e1micas del mar Caribe.  <\/p><p>Imag\u00ednate esto: Uno de nuestros hu\u00e9spedes anteriores, Thomas, de Nueva York, comparti\u00f3 que su inmersi\u00f3n en el Bosque de los Hongos fue nada menos que m\u00e1gica. \u201cHe buceado por todo el mundo, pero Cura\u00e7ao destaca. El equipo era fant\u00e1stico, y los lugares de inmersi\u00f3n, sencillamente impresionantes. Despu\u00e9s, exploramos la isla y disfrutamos de una comida inolvidable en la playa. Es una experiencia que me acompa\u00f1ar\u00e1 siempre\u201d. <\/p><h3>Por qu\u00e9 nuestras excursiones de buceo son las mejores de la isla<\/h3><p>En <strong>Unique Diving<\/strong>, creemos que tu experiencia no debe ser menos que perfecta. He aqu\u00ed por qu\u00e9 destacamos: <\/p><ul><li><strong>Gu\u00edas de buceo expertos<\/strong>: Nuestro equipo est\u00e1 formado por expertos locales en buceo certificados que conocen las aguas de Cura\u00e7ao mejor que nadie.<\/li><li><strong>Lujo y comodidad<\/strong>: Atendemos a una clientela de alto nivel, ofreciendo yates de lujo, barcos de buceo privados e itinerarios personalizados.<\/li><li><strong>Acceso exclusivo<\/strong>: Accede a puntos de inmersi\u00f3n que est\u00e1n fuera de los caminos trillados, donde podr\u00e1s experimentar la tranquilidad y la belleza intacta de los arrecifes de Cura\u00e7ao.<\/li><li><strong>Experiencia de servicio completo<\/strong>: Desde la recogida en tu hotel hasta la instrucci\u00f3n de buceo personalizada, nos ocupamos de todos los detalles para que puedas centrarte en disfrutar de la aventura.<\/li><\/ul><p>Para quienes buscan una experiencia de buceo de primera en uno de los entornos m\u00e1s bellos del mundo, nuestro Dive Tours Curacao Siteseeing es la elecci\u00f3n perfecta. Deja que nos encarguemos de todo mientras t\u00fa disfrutas de las maravillas del Caribe, tanto por encima como por debajo de la superficie. <\/p><h2>Preguntas frecuentes sobre las excursiones de buceo Cura\u00e7ao Siteseeing<\/h2><h3>\u00bfCu\u00e1l es la mejor \u00e9poca del a\u00f1o para bucear en Cura\u00e7ao?<\/h3><p>Cura\u00e7ao disfruta de un clima c\u00e1lido y excelentes condiciones para bucear durante todo el a\u00f1o, lo que la convierte en un destino de primera, independientemente de cu\u00e1ndo la visites. La isla se encuentra fuera del cintur\u00f3n de huracanes, lo que significa que incluso durante la temporada de huracanes del Caribe (de junio a noviembre), Cura\u00e7ao disfruta de un clima templado y un mar en calma. Para obtener la mejor visibilidad submarina, recomendamos visitar la isla entre diciembre y mayo, cuando las aguas son m\u00e1s claras y tranquilas, aunque se puede disfrutar de un excelente buceo durante todo el a\u00f1o.  <\/p><h3>\u00bfNecesito ser un buceador experimentado para unirme a las excursiones?<\/h3><p>No, no necesitas ser un buceador experimentado para disfrutar de Dive Tours Curacao Siteseeing. Ofrecemos una gama de excursiones adecuadas para todos los niveles de destreza, desde principiantes hasta buceadores avanzados. Para los que se inician en el buceo, ofrecemos cursos introductorios y lugares de inmersi\u00f3n poco profundos, como el Pecio del Remolcador, donde podr\u00e1s explorar con seguridad bajo la gu\u00eda de nuestros instructores titulados. Los buceadores m\u00e1s experimentados pueden aprovechar los lugares m\u00e1s profundos y desafiantes, como la Cueva de la Habitaci\u00f3n Azul y el pecio del Productor Superior.   <\/p><h3>\u00bfQu\u00e9 vida marina puedo esperar ver?<\/h3><p>Cura\u00e7ao alberga una asombrosa diversidad de vida marina. Durante tus inmersiones, es posible que encuentres <\/p><ul><li><strong>Coloridos corales<\/strong>: Los arrecifes son vibrantes y sanos, y ofrecen muchas especies de coral que admirar.<\/li><li><strong>Tortugas marinas<\/strong>: Es frecuente avistar gr\u00e1ciles tortugas verdes y carey nadando por las aguas.<\/li><li><strong>Peces tropicales<\/strong>: En las aguas de Cura\u00e7ao abundan los bancos de peces loro, peces \u00e1ngel y peces mariposa.<\/li><li><strong>Anguilas y pulpos<\/strong>: Estas escurridizas criaturas se esconden en las grietas de los arrecifes, ofreciendo una sorpresa a los que tienen ojos agudos.<\/li><li><strong>Delfines ocasionales<\/strong>: Aunque no est\u00e1 garantizado, siempre existe la posibilidad de ver delfines jugando cerca de los barcos de buceo.<\/li><\/ul><h3>\u00bfCu\u00e1ntas inmersiones incluye la excursi\u00f3n?<\/h3><p>Nuestros paquetes de excursiones de buceo en Cura\u00e7ao son flexibles y pueden adaptarse a tus preferencias. La mayor\u00eda de nuestras excursiones incluyen de dos a tres inmersiones diarias, con la opci\u00f3n de inmersiones nocturnas para los participantes m\u00e1s aventureros. Si quieres centrarte m\u00e1s en hacer turismo o explorar las atracciones terrestres de Cura\u00e7ao, podemos personalizar tu itinerario en consecuencia.  <\/p><h3>\u00bfQu\u00e9 debo llevar a una excursi\u00f3n de buceo?<\/h3><p>Recomendamos llevar los siguientes art\u00edculos:<\/p><ul><li><strong>Protector solar<\/strong>: Prot\u00e9gete del sol, sobre todo entre inmersiones.<\/li><li><strong>Ba\u00f1ador y toalla<\/strong>: Los necesitar\u00e1s para los paseos en barco y para relajarte despu\u00e9s de bucear.<\/li><li><strong>Una chaqueta ligera<\/strong>: Puede refrescar en el barco, sobre todo despu\u00e9s de la puesta de sol.<\/li><li><strong>C\u00e1mara subacu\u00e1tica<\/strong>: Captura la belleza del mundo submarino de Cura\u00e7ao para compartirla con tus amigos y familiares.<\/li><\/ul><h3>\u00bfSon seguras las excursiones de buceo?<\/h3><p>La seguridad es nuestra m\u00e1xima prioridad. Todas nuestras salidas de buceo est\u00e1n dirigidas por instructores titulados y experimentados que cumplen las normas internacionales m\u00e1s estrictas. Utilizamos equipos en buen estado y realizamos sesiones informativas exhaustivas antes de cada inmersi\u00f3n. Adem\u00e1s, limitamos el tama\u00f1o de nuestros grupos de buceo para garantizar una atenci\u00f3n personalizada y una experiencia segura y agradable para todos. Las aguas de Cura\u00e7ao suelen ser tranquilas, por lo que es un lugar ideal para bucear con seguridad.    <\/p><h3>\u00bfPuedo combinar el buceo con las visitas tur\u00edsticas?<\/h3><p>\u00a1Por supuesto! Una de las principales ventajas de Dive Tours Cura\u00e7ao Siteseeing es la oportunidad de disfrutar tanto de las maravillas submarinas de Cura\u00e7ao como de sus bellos paisajes. Despu\u00e9s de tu inmersi\u00f3n, ofrecemos excursiones a atracciones populares como la hist\u00f3rica Willemstad, la belleza natural del Parque Nacional de Shete Boka y las pintorescas playas de la costa oeste. De este modo, obtienes lo mejor de ambos mundos: buceo de categor\u00eda mundial y la oportunidad de sumergirte en la rica cultura e <a href=\"https:\/\/staging.curacaotodo.com\/es\/curacao-information\/history\/\">historia<\/a> de Curazao.   <\/p><h3>\u00bfC\u00f3mo reservo una excursi\u00f3n de buceo?<\/h3><p>Reservar una excursi\u00f3n de buceo con nosotros es muy sencillo. Puedes reservar tu plaza a trav\u00e9s de nuestro sitio web o ponerte en contacto con nosotros directamente para personalizar tu itinerario. Recomendamos reservar con antelaci\u00f3n, especialmente durante las temporadas altas de viajes, para garantizar la disponibilidad.  <\/p>","protected":false},"excerpt":{"rendered":"<p>Cura\u00e7ao es un para\u00edso tanto para los aficionados al submarinismo como para los amantes de la naturaleza. Conocida por sus vibrantes arrecifes de coral y sus aguas cristalinas, Cura\u00e7ao ofrece una amplia gama de excursiones de buceo que te permitir\u00e1n explorar a fondo su mundo submarino. Dive Tours Cura\u00e7ao Siteseeing es la combinaci\u00f3n perfecta de emocionantes aventuras submarinas e impresionantes excursiones por tierra. Tanto si eres un buceador experimentado como si es tu primera vez, Cura\u00e7ao te ofrece una experiencia inolvidable, con sus c\u00e1lidas aguas, abundante vida marina y pintorescos paisajes costeros. Bucear en Cura\u00e7ao no s\u00f3lo ofrece lugares de inmersi\u00f3n de categor\u00eda mundial, sino tambi\u00e9n la oportunidad de contemplar la belleza de la isla por encima del agua.    <\/p>\n","protected":false},"featured_media":56342,"comment_status":"open","ping_status":"closed","template":"","meta":{"_acf_changed":false},"activity-source":[],"company-partner":[],"store":[],"product_brand":[],"product_cat":[466],"product_tag":[4236],"class_list":{"0":"post-56340","1":"product","2":"type-product","3":"status-publish","4":"has-post-thumbnail","6":"product_cat-sin-categorizar","7":"product_tag-paranda-tours-es","9":"first","10":"instock","11":"shipping-taxable","12":"product-type-simple"},"acf":[],"_links":{"self":[{"href":"https:\/\/staging.curacaotodo.com\/es\/wp-json\/wp\/v2\/product\/56340","targetHints":{"allow":["GET"]}}],"collection":[{"href":"https:\/\/staging.curacaotodo.com\/es\/wp-json\/wp\/v2\/product"}],"about":[{"href":"https:\/\/staging.curacaotodo.com\/es\/wp-json\/wp\/v2\/types\/product"}],"replies":[{"embeddable":true,"href":"https:\/\/staging.curacaotodo.com\/es\/wp-json\/wp\/v2\/comments?post=56340"}],"wp:featuredmedia":[{"embeddable":true,"href":"https:\/\/staging.curacaotodo.com\/es\/wp-json\/wp\/v2\/media\/56342"}],"wp:attachment":[{"href":"https:\/\/staging.curacaotodo.com\/es\/wp-json\/wp\/v2\/media?parent=56340"}],"wp:term":[{"taxonomy":"activity-source","embeddable":true,"href":"https:\/\/staging.curacaotodo.com\/es\/wp-json\/wp\/v2\/activity-source?post=56340"},{"taxonomy":"company-partner","embeddable":true,"href":"https:\/\/staging.curacaotodo.com\/es\/wp-json\/wp\/v2\/company-partner?post=56340"},{"taxonomy":"store","embeddable":true,"href":"https:\/\/staging.curacaotodo.com\/es\/wp-json\/wp\/v2\/store?post=56340"},{"taxonomy":"product_brand","embeddable":true,"href":"https:\/\/staging.curacaotodo.com\/es\/wp-json\/wp\/v2\/product_brand?post=56340"},{"taxonomy":"product_cat","embeddable":true,"href":"https:\/\/staging.curacaotodo.com\/es\/wp-json\/wp\/v2\/product_cat?post=56340"},{"taxonomy":"product_tag","embeddable":true,"href":"https:\/\/staging.curacaotodo.com\/es\/wp-json\/wp\/v2\/product_tag?post=56340"}],"curies":[{"name":"wp","href":"https:\/\/api.w.org\/{rel}","templated":true}]}}