{"id":56338,"date":"2024-09-05T09:01:12","date_gmt":"2024-09-05T13:01:12","guid":{"rendered":"https:\/\/curacaotodo.com\/activity\/excursiones-en-barco-en-curacao\/"},"modified":"2024-09-05T09:01:12","modified_gmt":"2024-09-05T13:01:12","slug":"excursiones-en-barco-en-curacao","status":"publish","type":"product","link":"https:\/\/staging.curacaotodo.com\/es\/actividad\/excursiones-en-barco-en-curacao\/","title":{"rendered":"Excursiones en barco en Cura\u00e7ao"},"content":{"rendered":"<h2>Vive lo mejor de Cura\u00e7ao con nuestras exclusivas excursiones en barco<\/h2><h3>Lujo y aventura sin igual<\/h3><p>Cura\u00e7ao es una joya del Caribe que atrae a los viajeros de lujo con sus encantadoras aguas azules y sus vibrantes ecosistemas marinos. Nuestras excursiones en barco por Cura\u00e7ao est\u00e1n dise\u00f1adas para satisfacer al viajero exigente que busca no s\u00f3lo un viaje, sino una experiencia memorable. Mientras te deslizas sobre las olas azules, disfrutar\u00e1s de impresionantes vistas de la escarpada costa de la isla, enmarcadas por el extenso mar y el cielo.  <\/p><p>Nuestra flota incluye embarcaciones de \u00faltima generaci\u00f3n equipadas con todas las comodidades de una experiencia de viaje premium. Los lujosos asientos, las exquisitas opciones gastron\u00f3micas y los servicios personalizados garantizan que tu aventura mar\u00edtima sea todo un lujo. Desde ch\u00e1rteres privados que permiten reuniones \u00edntimas con los seres queridos hasta grandes yates perfectos para socializar, ofrecemos una gama de opciones que se adaptan a tus preferencias.  <\/p><h3>Recorridos a medida para enriquecer tu experiencia<\/h3><p>Nuestras excursiones en barco son tan variadas como los deseos de nuestros visitantes:<\/p><ul><li><strong>Expediciones de snorkel<\/strong>: Sum\u00e9rgete en el pa\u00eds de las maravillas submarinas de Cura\u00e7ao. Nuestros gu\u00edas te llevar\u00e1n a los mejores lugares donde florecen los arrecifes de coral y abunda la vida marina. <\/li><li><strong>Cruceros al <a href=\"https:\/\/staging.curacaotodo.com\/es\/actividades-acuaticas\/sunset-boat-trips\/\">Atardecer<\/a><\/strong>: Disfruta del romanticismo de una puesta de sol sobre el mar Caribe, con una copa de champ\u00e1n en la mano y el tranquilo sonido de las olas.<\/li><li><strong>Excursiones Culturales por la Costa<\/strong>: Descubre la rica <a href=\"https:\/\/staging.curacaotodo.com\/es\/curacao-information\/history\/\">historia<\/a> de la costa de Cura\u00e7ao, desde el emblem\u00e1tico tel\u00f3n de fondo de Handelskade hasta las hist\u00f3ricas fortalezas que anta\u00f1o custodiaban la isla.<\/li><\/ul><h3>Un toque personal<\/h3><p>Uno de nuestros hu\u00e9spedes recientes, John, comparti\u00f3 su inolvidable experiencia: \u201cEn el momento en que embarcamos en el yate de lujo, nos dejamos llevar por la belleza y la tranquilidad de las aguas de Cura\u00e7ao. Lo m\u00e1s destacado fue bucear con tubo junto a tortugas marinas y una mir\u00edada de peces tropicales. Fue una experiencia \u00fanica en la vida, emocionante e incre\u00edblemente pac\u00edfica\u201d.<\/p><h3>\u00bfPor qu\u00e9 elegirnos?<\/h3><p>Elegir nuestras excursiones en barco significa optar por lo mejor de Cura\u00e7ao. Nos enorgullecemos de ofrecer: <\/p><ul><li><strong>Conocimiento experto<\/strong>: Nuestros capitanes y gu\u00edas son lugare\u00f1os con a\u00f1os de experiencia mar\u00edtima. Conocen todas las joyas ocultas de la isla y est\u00e1n deseando compartir estos secretos contigo. <\/li><li><strong>Acceso exclusivo<\/strong>: Algunas de las zonas m\u00e1s v\u00edrgenes de Cura\u00e7ao s\u00f3lo son accesibles en barco. Nuestras excursiones te llevan a lugares fuera de los caminos trillados y exclusivos para nuestros hu\u00e9spedes. <\/li><li><strong>Servicio personalizado<\/strong>: Adaptamos cada excursi\u00f3n a las preferencias de nuestros hu\u00e9spedes, garantizando una experiencia \u00fanica que se ajuste a sus gustos e intereses personales.<\/li><\/ul><p>Tanto si quieres explorar el profundo mar azul, relajarte bajo el sol o disfrutar de un recorrido cultural por la isla, nuestras excursiones en barco por Cura\u00e7ao ofrecen la mezcla perfecta de lujo, aventura y exclusividad. \u00danete a nosotros y haz que tus vacaciones sean realmente inolvidables. <\/p><h2>Preguntas frecuentes sobre las excursiones en barco en Cura\u00e7ao<\/h2><h3>\u00bfQu\u00e9 debo llevar a una excursi\u00f3n en barco?<\/h3><p>Cuando te prepares para una excursi\u00f3n en barco en Cura\u00e7ao, es importante que lleves lo esencial para mejorar tu experiencia:<\/p><ul><li><strong>Protecci\u00f3n solar<\/strong>: El sol del Caribe puede ser intenso, por lo que la protecci\u00f3n solar, el sombrero y las gafas de sol son imprescindibles.<\/li><li><strong>Ropa c\u00f3moda<\/strong>: Lo mejor son los tejidos ligeros y transpirables. Lleva tambi\u00e9n una chaqueta ligera o un abrigo para las brisas m\u00e1s frescas o las excursiones a \u00faltima hora de la tarde. <\/li><li><strong>C\u00e1mara resistente al agua<\/strong>: Capta el impresionante paisaje y la vibrante vida marina sin preocupaciones.<\/li><li><strong>Ba\u00f1ador<\/strong>: Muchas de nuestras excursiones incluyen paradas para nadar o bucear.<\/li><li><strong>Toallas<\/strong>: Aunque a menudo se proporcionan toallas, es buena idea llevar una extra.<\/li><\/ul><h3>\u00bfExiste una mejor \u00e9poca del a\u00f1o para hacer una excursi\u00f3n en barco en Cura\u00e7ao?<\/h3><p>Cura\u00e7ao tiene la suerte de disfrutar de un clima c\u00e1lido y soleado todo el a\u00f1o, lo que la convierte en un destino perfecto para una excursi\u00f3n en barco en cualquier \u00e9poca. Sin embargo, las mejores condiciones meteorol\u00f3gicas suelen darse de mayo a noviembre, cuando en la isla llueve menos y el mar est\u00e1 m\u00e1s tranquilo. <\/p><h3>\u00bfLas excursiones en barco son adecuadas para los ni\u00f1os?<\/h3><p>\u00a1Por supuesto! Las excursiones en barco pueden ser una forma fant\u00e1stica de que los ni\u00f1os aprendan biolog\u00eda marina y conozcan el oc\u00e9ano. Ofrecemos varias opciones aptas para familias que son seguras y atractivas para los ni\u00f1os. Es aconsejable que consultes con nosotros la adecuaci\u00f3n a la edad de determinadas excursiones, ya que algunas pueden ser m\u00e1s apropiadas para ni\u00f1os mayores debido a las <a href=\"https:\/\/staging.curacaotodo.com\/es\/actividades\/\">actividades<\/a> que implican.   <\/p><h3>\u00bfQu\u00e9 medidas de seguridad existen?<\/h3><p>Tu seguridad es nuestra m\u00e1xima prioridad. Todas nuestras embarcaciones est\u00e1n equipadas con el material de seguridad necesario, incluidos chalecos salvavidas, botiquines de primeros auxilios y dispositivos de comunicaci\u00f3n de emergencia. Nuestras tripulaciones est\u00e1n formadas en primeros auxilios y respuesta a emergencias, lo que garantiza un entorno seguro mientras disfrutas de tu aventura.  <\/p><h3>\u00bfCu\u00e1nto duran las excursiones en barco?<\/h3><p>Nuestras excursiones en barco var\u00edan en duraci\u00f3n para adaptarse a diferentes horarios e intereses:<\/p><ul><li><strong>Excursiones cortas<\/strong>: Suelen durar entre 2 y 3 horas, perfectas para quienes tienen poco tiempo pero quieren disfrutar de un viaje r\u00e1pido por la costa.<\/li><li><strong>Excursiones de medio d\u00eda<\/strong>: Duran entre 4 y 6 horas y suelen incluir actividades como snorkel o un picnic en la playa.<\/li><li><strong>Aventuras de d\u00eda completo<\/strong>: Ofrecen la experiencia m\u00e1s envolvente, con una duraci\u00f3n de 8 horas o m\u00e1s, y suelen incluir m\u00faltiples paradas en varios puntos de inter\u00e9s de la isla.<\/li><\/ul><p>Las excursiones en barco en Cura\u00e7ao no son s\u00f3lo excursiones; son oportunidades para crear recuerdos duraderos mientras exploras uno de los lugares m\u00e1s bellos del planeta. Tanto si eres un avezado aventurero marino como un marinero de agua dulce que quiere probar algo nuevo, nuestras excursiones ofrecen algo para todos. \u00danete a nosotros en el agua para descubrir por qu\u00e9 Cura\u00e7ao es un para\u00edso tanto para los navegantes como para los entusiastas del mar.  <\/p>","protected":false},"excerpt":{"rendered":"<p>Cura\u00e7ao es un destino de primera para quienes buscan una escapada al lujo y una belleza paisaj\u00edstica sin igual. Enclavada en el coraz\u00f3n del Caribe, esta isla fusiona la elegancia holandesa con el encanto tropical, ofreciendo a los visitantes una experiencia vacacional excepcional. Entre las muchas atracciones, las excursiones en barco en Cura\u00e7ao representan la quintaesencia del encanto de esta isla, proporcionando un punto de vista \u00fanico desde el que apreciar su vibrante vida marina, sus aguas cristalinas y su pintoresco litoral.  <\/p>\n","protected":false},"featured_media":56339,"comment_status":"open","ping_status":"closed","template":"","meta":{"_acf_changed":false},"activity-source":[],"company-partner":[],"store":[],"product_brand":[],"product_cat":[466],"product_tag":[4235],"class_list":{"0":"post-56338","1":"product","2":"type-product","3":"status-publish","4":"has-post-thumbnail","6":"product_cat-sin-categorizar","7":"product_tag-remyx-tours-es","9":"first","10":"instock","11":"shipping-taxable","12":"purchasable","13":"product-type-simple"},"acf":[],"_links":{"self":[{"href":"https:\/\/staging.curacaotodo.com\/es\/wp-json\/wp\/v2\/product\/56338","targetHints":{"allow":["GET"]}}],"collection":[{"href":"https:\/\/staging.curacaotodo.com\/es\/wp-json\/wp\/v2\/product"}],"about":[{"href":"https:\/\/staging.curacaotodo.com\/es\/wp-json\/wp\/v2\/types\/product"}],"replies":[{"embeddable":true,"href":"https:\/\/staging.curacaotodo.com\/es\/wp-json\/wp\/v2\/comments?post=56338"}],"wp:featuredmedia":[{"embeddable":true,"href":"https:\/\/staging.curacaotodo.com\/es\/wp-json\/wp\/v2\/media\/56339"}],"wp:attachment":[{"href":"https:\/\/staging.curacaotodo.com\/es\/wp-json\/wp\/v2\/media?parent=56338"}],"wp:term":[{"taxonomy":"activity-source","embeddable":true,"href":"https:\/\/staging.curacaotodo.com\/es\/wp-json\/wp\/v2\/activity-source?post=56338"},{"taxonomy":"company-partner","embeddable":true,"href":"https:\/\/staging.curacaotodo.com\/es\/wp-json\/wp\/v2\/company-partner?post=56338"},{"taxonomy":"store","embeddable":true,"href":"https:\/\/staging.curacaotodo.com\/es\/wp-json\/wp\/v2\/store?post=56338"},{"taxonomy":"product_brand","embeddable":true,"href":"https:\/\/staging.curacaotodo.com\/es\/wp-json\/wp\/v2\/product_brand?post=56338"},{"taxonomy":"product_cat","embeddable":true,"href":"https:\/\/staging.curacaotodo.com\/es\/wp-json\/wp\/v2\/product_cat?post=56338"},{"taxonomy":"product_tag","embeddable":true,"href":"https:\/\/staging.curacaotodo.com\/es\/wp-json\/wp\/v2\/product_tag?post=56338"}],"curies":[{"name":"wp","href":"https:\/\/api.w.org\/{rel}","templated":true}]}}