{"id":56337,"date":"2025-01-20T21:05:16","date_gmt":"2025-01-21T01:05:16","guid":{"rendered":"https:\/\/curacaotodo.com\/activity\/viajes-en-barco-asequibles\/"},"modified":"2025-07-21T05:04:53","modified_gmt":"2025-07-21T09:04:53","slug":"viajes-en-barco-asequibles","status":"publish","type":"product","link":"https:\/\/staging.curacaotodo.com\/es\/actividad\/viajes-en-barco-asequibles\/","title":{"rendered":"Viajes de Aventura en Barco por el Caribe"},"content":{"rendered":"<h2 style=\"text-align: left;\">Qu\u00e9 ofrecemos<\/h2><ol style=\"text-align: left;\"><li style=\"text-align: left;\"><strong>Asequible: <\/strong>Adultos desde 59 $, Ni\u00f1os menores de 12 a\u00f1os desde 39 $, Ni\u00f1os menores de 4 a\u00f1os desde 0<\/li><li><strong>Todo incluido: <\/strong>Aperitivos, pizza, barra libre: agua, refrescos, zumos, cerveza, vino (bebidas alcoh\u00f3licas a partir del mediod\u00eda)<\/li><li><strong>Confortables: <\/strong>Sillas y bancos con cojines, Mesas, Aseo a bordo, Mucha sombra.<\/li><li><strong>Diversi\u00f3n: <\/strong><a href=\"https:\/\/staging.curacaotodo.com\/es\/esnorquel\/\">Esn\u00f3rquel<\/a>, Tobog\u00e1n, Apto para ni\u00f1os<\/li><\/ol><h2 style=\"text-align: left;\"><\/h2><h2 style=\"text-align: left;\"><strong>\u00bfPor qu\u00e9 elegirnos?<\/strong><\/h2><ul style=\"text-align: left;\"><li>En Budget Boat Trips, te garantizamos una experiencia c\u00f3moda y sin preocupaciones.<\/li><li>Nuestro paquete con todo incluido ofrece la mejor relaci\u00f3n calidad-precio para un d\u00eda de diversi\u00f3n en el agua.<\/li><li>Somos una peque\u00f1a empresa de s\u00f3lo 2 personas.<\/li><li>M\u00e1x. \u00a125 personas pueden participar al mismo tiempo! <\/li><\/ul><h2 style=\"text-align: left;\"><\/h2><h2 style=\"text-align: left;\">Preguntas frecuentes<\/h2><p style=\"text-align: left;\"><strong>\u00bfCu\u00e1l es tu horario comercial?<\/strong><\/p><p>Estamos disponibles todos los d\u00edas de 8 de la ma\u00f1ana a 8 de la tarde.<\/p><p>Sin embargo, cuando estamos navegando, podemos perder tu llamada. Puedes enviar un mensaje y te responderemos pronto. <\/p><p style=\"text-align: left;\"><strong>\u00bfDe d\u00f3nde sale tu barco?<\/strong><\/p><p style=\"text-align: left;\">Bah\u00eda de Santa Marta, Soto, Cura\u00e7ao<\/p><p style=\"text-align: left;\"><strong>\u00bfQu\u00e9 debo llevar en el barco?<\/strong><\/p><ul style=\"text-align: left;\"><li>Ba\u00f1adores<\/li><li>Zapatos de agua<\/li><li>Toalla<\/li><li>Protecci\u00f3n solar (ba\u00f1ador con protecci\u00f3n solar y crema solar apta para arrecifes)<\/li><li>Gafas de sol<\/li><li>Equipo de snorkel (proporcionado para las excursiones previa solicitud)<\/li><\/ul><p style=\"text-align: left;\"><strong>\u00bfQu\u00e9 formas de pago aceptan?<\/strong><\/p><p style=\"text-align: left;\">Puedes pagar a trav\u00e9s de la tienda de entradas en cualquier divisa y utilizando diversos m\u00e9todos de pago, como tarjeta de cr\u00e9dito, iDEAL, PayPal, etc.<\/p><p style=\"text-align: left;\">S\u00f3lo efectivo en el barco y s\u00f3lo en d\u00f3lares estadounidenses y florines caribe\u00f1os.<\/p>","protected":false},"excerpt":{"rendered":"<p><span style=\"font-family: Poppins;\">No disponible temporalmente<\/span><span style=\"font-family: Poppins;\">. S\u00f3lo viajes en barco disponibles con nuestro barco pirata Sinbad<\/span><\/p>\n","protected":false},"featured_media":56261,"comment_status":"open","ping_status":"closed","template":"","meta":{"_acf_changed":false},"activity-source":[],"company-partner":[],"store":[],"product_brand":[],"product_cat":[3294,3316,3327,466,3263,3264,3290,3300,3270,3333,3328,3262,3301,3260],"product_tag":[4242,4246,4245],"class_list":{"0":"post-56337","1":"product","2":"type-product","3":"status-publish","4":"has-post-thumbnail","6":"product_cat-alquila-un-barco","7":"product_cat-area-es","8":"product_cat-banda-abou-es","9":"product_cat-sin-categorizar","10":"product_cat-deportes-acuaticos","11":"product_cat-esnorquel","12":"product_cat-lugares-de-interes","13":"product_cat-natacion","14":"product_cat-paseos-en-barco","15":"product_cat-paseos-en-barco-al-atardecer","16":"product_cat-westpoint-es","17":"product_cat-recorridos-por-las-islas-sobre-el-agua","18":"product_cat-vela","19":"product_cat-visitas-turisticas","20":"product_tag-curazao","21":"product_tag-excursiones-en-barco","22":"product_tag-viajes-en-barco","24":"first","25":"instock","26":"shipping-taxable","27":"purchasable","28":"product-type-simple"},"acf":[],"_links":{"self":[{"href":"https:\/\/staging.curacaotodo.com\/es\/wp-json\/wp\/v2\/product\/56337","targetHints":{"allow":["GET"]}}],"collection":[{"href":"https:\/\/staging.curacaotodo.com\/es\/wp-json\/wp\/v2\/product"}],"about":[{"href":"https:\/\/staging.curacaotodo.com\/es\/wp-json\/wp\/v2\/types\/product"}],"replies":[{"embeddable":true,"href":"https:\/\/staging.curacaotodo.com\/es\/wp-json\/wp\/v2\/comments?post=56337"}],"wp:featuredmedia":[{"embeddable":true,"href":"https:\/\/staging.curacaotodo.com\/es\/wp-json\/wp\/v2\/media\/56261"}],"wp:attachment":[{"href":"https:\/\/staging.curacaotodo.com\/es\/wp-json\/wp\/v2\/media?parent=56337"}],"wp:term":[{"taxonomy":"activity-source","embeddable":true,"href":"https:\/\/staging.curacaotodo.com\/es\/wp-json\/wp\/v2\/activity-source?post=56337"},{"taxonomy":"company-partner","embeddable":true,"href":"https:\/\/staging.curacaotodo.com\/es\/wp-json\/wp\/v2\/company-partner?post=56337"},{"taxonomy":"store","embeddable":true,"href":"https:\/\/staging.curacaotodo.com\/es\/wp-json\/wp\/v2\/store?post=56337"},{"taxonomy":"product_brand","embeddable":true,"href":"https:\/\/staging.curacaotodo.com\/es\/wp-json\/wp\/v2\/product_brand?post=56337"},{"taxonomy":"product_cat","embeddable":true,"href":"https:\/\/staging.curacaotodo.com\/es\/wp-json\/wp\/v2\/product_cat?post=56337"},{"taxonomy":"product_tag","embeddable":true,"href":"https:\/\/staging.curacaotodo.com\/es\/wp-json\/wp\/v2\/product_tag?post=56337"}],"curies":[{"name":"wp","href":"https:\/\/api.w.org\/{rel}","templated":true}]}}