{"id":56333,"date":"2025-06-04T15:46:19","date_gmt":"2025-06-04T19:46:19","guid":{"rendered":"https:\/\/curacaotodo.com\/activity\/aventura-pirata\/"},"modified":"2025-08-06T02:30:15","modified_gmt":"2025-08-06T06:30:15","slug":"aventura-pirata","status":"publish","type":"product","link":"https:\/\/staging.curacaotodo.com\/es\/actividad\/aventura-pirata\/","title":{"rendered":"Aventura pirata"},"content":{"rendered":"<p>\u00danase a nosotros para una encantadora aventura de 10 am a 3 pm y descubra la parte occidental de Curazao desde el agua. Salimos del muelle de Santa Martha, donde te esperan 15 minutos antes de la salida. <\/p><p>We will sail along the southern coast of Cura\u00e7ao heading west to Blue Room Cave, where you can snorkel, swim, and enjoy the beautiful underwater world and the vibrant blue light. Afterwards, we will continue our adventure by swimming with turtles at Playa Piskad\u00f3. <\/p><p>Mientras te relajas y disfrutas de la compa\u00f1\u00eda de las tortugas, se preparar\u00e1 aut\u00e9ntica pizza reci\u00e9n hecha. La deliciosa pizza \u201cA la siciliana\u201d y el bar abierto (alcohol despu\u00e9s del mediod\u00eda) est\u00e1n incluidos en el precio. El equipo de snorkel est\u00e1 disponible previa solicitud.  <\/p><p>On the way back, we stop to swim and snorkel at the beautiful <a href=\"https:\/\/staging.curacaotodo.com\/es\/playas\/playa-jeremi\/\">Playa Jeremi<\/a>. This beach, surrounded by crystal-clear waters and vibrant coral reefs, presents a unique opportunity to explore the underwater world. We are surrounded by tropical fish and marine life, making it a perfect occasion to relax and enjoy this hidden gem.  <\/p><p>Precios (s\u00f3lo para reserva directa):<\/p><ul><li>43 $ por persona para ni\u00f1os de 4 a 12 a\u00f1os.<\/li><li>89 $ por persona para mayores de 13 a\u00f1os.<\/li><li>Los ni\u00f1os de 0 a 3 a\u00f1os son gratis.<\/li><\/ul><p>Es necesario reservar. Ll\u00e1manos para apuntarte en el \u00faltimo minuto (10 horas o menos). <\/p>","protected":false},"excerpt":{"rendered":"<p>Todos los <strong>mi\u00e9rcoles<\/strong> y <strong>s\u00e1bados<\/strong> de <strong>10<\/strong> a <strong>15 h<\/strong>.<\/p>\n<p><strong>Punto de salida<\/strong>: Bah\u00eda de Santa Marta, Soto, Cura\u00e7ao<\/p>\n<p><strong>Ruta<\/strong>: Santa Martha, Habitaci\u00f3n Azul, Playa Piskad\u00f3 (tortugas), y regreso con parada en la playa\/snorkel.<\/p>\n<p><strong>Los precios<\/strong>:<\/p>\n<p>S\u00f3lo <strong> 89 $<\/strong> por persona<\/p>\n<p>S\u00f3lo <strong> 43 $<\/strong> por ni\u00f1o de 4 a 12 a\u00f1os<\/p>\n<p>Los ni\u00f1os de hasta 3 a\u00f1os viajan <strong>gratis<\/strong><\/p>\n<p><strong>Todo incluido<\/strong> ma\u00f1ana\/tarde con:<\/p>\n<ul>\n<li>pizzas reci\u00e9n hechas<\/li>\n<li>barra libre<\/li>\n<li>equipo de snorkel previa solicitud<\/li>\n<\/ul>\n","protected":false},"featured_media":56265,"comment_status":"open","ping_status":"closed","template":"","meta":{"_acf_changed":false},"activity-source":[],"company-partner":[],"store":[],"product_brand":[],"product_cat":[3294,3316,3327,466,3263,3264,3290,3300,3270,3333,3328,3262,3301,3260],"product_tag":[4242,4246,4243,4245],"class_list":{"0":"post-56333","1":"product","2":"type-product","3":"status-publish","4":"has-post-thumbnail","6":"product_cat-alquila-un-barco","7":"product_cat-area-es","8":"product_cat-banda-abou-es","9":"product_cat-sin-categorizar","10":"product_cat-deportes-acuaticos","11":"product_cat-esnorquel","12":"product_cat-lugares-de-interes","13":"product_cat-natacion","14":"product_cat-paseos-en-barco","15":"product_cat-paseos-en-barco-al-atardecer","16":"product_cat-westpoint-es","17":"product_cat-recorridos-por-las-islas-sobre-el-agua","18":"product_cat-vela","19":"product_cat-visitas-turisticas","20":"product_tag-curazao","21":"product_tag-excursiones-en-barco","22":"product_tag-pirate-boat-trips-es","23":"product_tag-viajes-en-barco","25":"first","26":"instock","27":"shipping-taxable","28":"purchasable","29":"product-type-simple"},"acf":[],"_links":{"self":[{"href":"https:\/\/staging.curacaotodo.com\/es\/wp-json\/wp\/v2\/product\/56333","targetHints":{"allow":["GET"]}}],"collection":[{"href":"https:\/\/staging.curacaotodo.com\/es\/wp-json\/wp\/v2\/product"}],"about":[{"href":"https:\/\/staging.curacaotodo.com\/es\/wp-json\/wp\/v2\/types\/product"}],"replies":[{"embeddable":true,"href":"https:\/\/staging.curacaotodo.com\/es\/wp-json\/wp\/v2\/comments?post=56333"}],"wp:featuredmedia":[{"embeddable":true,"href":"https:\/\/staging.curacaotodo.com\/es\/wp-json\/wp\/v2\/media\/56265"}],"wp:attachment":[{"href":"https:\/\/staging.curacaotodo.com\/es\/wp-json\/wp\/v2\/media?parent=56333"}],"wp:term":[{"taxonomy":"activity-source","embeddable":true,"href":"https:\/\/staging.curacaotodo.com\/es\/wp-json\/wp\/v2\/activity-source?post=56333"},{"taxonomy":"company-partner","embeddable":true,"href":"https:\/\/staging.curacaotodo.com\/es\/wp-json\/wp\/v2\/company-partner?post=56333"},{"taxonomy":"store","embeddable":true,"href":"https:\/\/staging.curacaotodo.com\/es\/wp-json\/wp\/v2\/store?post=56333"},{"taxonomy":"product_brand","embeddable":true,"href":"https:\/\/staging.curacaotodo.com\/es\/wp-json\/wp\/v2\/product_brand?post=56333"},{"taxonomy":"product_cat","embeddable":true,"href":"https:\/\/staging.curacaotodo.com\/es\/wp-json\/wp\/v2\/product_cat?post=56333"},{"taxonomy":"product_tag","embeddable":true,"href":"https:\/\/staging.curacaotodo.com\/es\/wp-json\/wp\/v2\/product_tag?post=56333"}],"curies":[{"name":"wp","href":"https:\/\/api.w.org\/{rel}","templated":true}]}}