{"id":56322,"date":"2024-09-18T05:26:14","date_gmt":"2024-09-18T09:26:14","guid":{"rendered":"https:\/\/curacaotodo.com\/activity\/gira-irie-vibes\/"},"modified":"2024-09-18T05:26:14","modified_gmt":"2024-09-18T09:26:14","slug":"gira-irie-vibes","status":"publish","type":"product","link":"https:\/\/staging.curacaotodo.com\/es\/actividad\/gira-irie-vibes\/","title":{"rendered":"Gira Irie Vibes"},"content":{"rendered":"<h1 id=\"irie-vibes-snorkeling-tour-in-curacao\">Excursi\u00f3n de snorkel Irie Vibes en Cura\u00e7ao<\/h1><p>Descubre la belleza de Cura\u00e7ao con nuestra <strong>Excursi\u00f3n de Snorkel Irie Vibes<\/strong>, una aventura de cuatro horas que te dejar\u00e1 recuerdos inolvidables de uno de los mundos submarinos m\u00e1s encantadores del Caribe. Por s\u00f3lo 85 US$ \/ 153 ANG por persona, esta excursi\u00f3n ofrece una experiencia inmersiva de snorkel en una aislada e hist\u00f3rica playa de plantaciones, que ofrece tesoros submarinos sin igual. <\/p><p>El t\u00e9rmino <strong>\u201cIrie Vibes<\/strong>\u201d es una frase caribe\u00f1a que encarna el esp\u00edritu de alegr\u00eda, relajaci\u00f3n y satisfacci\u00f3n plena, que capta perfectamente la esencia de esta excursi\u00f3n. Conocer\u00e1s los secretos mejor guardados del buceo con tubo de Cura\u00e7ao, disfrutando de la belleza y la serenidad de playas ocultas donde la <a href=\"https:\/\/staging.curacaotodo.com\/es\/curacao-information\/history\/\">historia<\/a> y la naturaleza se mezclan a la perfecci\u00f3n. Tanto si eres un buceador experimentado como si es tu primera vez, esta excursi\u00f3n te garantiza un d\u00eda refrescante y asombroso en aguas cristalinas.  <\/p><p>Prep\u00e1rate para practicar snorkel en un lugar que sigue siendo una de las joyas m\u00e1s desconocidas de Cura\u00e7ao, lejos de los abarrotados lugares tur\u00edsticos. Nuestros gu\u00edas te conducir\u00e1n por un rico paisaje submarino, repleto de vibrantes arrecifes de coral, peces tropicales y otras formas de vida marina. La serenidad de la plantaci\u00f3n circundante ofrece un contraste perfecto con la emoci\u00f3n bajo la superficie del agua, creando una experiencia verdaderamente \u00fanica y tranquila.  <\/p><h2 id=\"experience-the-ultimate-snorkeling-adventure-with-irie-vibes\">Vive la mejor aventura de snorkel con Irie Vibes<\/h2><p>La <strong>Excursi\u00f3n de Snorkel Irie Vibes<\/strong> no es una excursi\u00f3n de snorkel cualquiera; es una inmersi\u00f3n profunda en las joyas ocultas de Cura\u00e7ao, que combina la emoci\u00f3n de explorar las maravillas submarinas con la serenidad de una playa aislada e hist\u00f3rica. Durante cuatro horas, te sumergir\u00e1s en un viaje inolvidable en el que colisionan la historia, la cultura y la naturaleza. La plantaci\u00f3n donde tiene lugar la excursi\u00f3n est\u00e1 llena de rica historia monumental, y ofrece no s\u00f3lo un apacible entorno playero, sino tambi\u00e9n una idea del fascinante pasado de la isla.  <\/p><p>Nuestros gu\u00edas locales expertos te llevar\u00e1n a uno de los secretos mejor guardados de la isla: una playa que pocos turistas conocen. Su belleza natural intacta y sus aguas tranquilas la convierten en un destino ideal para practicar snorkel, tanto para principiantes como para aventureros experimentados. Bajo la superficie del agua, encontrar\u00e1s vibrantes arrecifes de coral, coloridos peces tropicales y otras formas de vida marina que prosperan en las claras y c\u00e1lidas aguas de Cura\u00e7ao. Cada inmersi\u00f3n te revelar\u00e1 nuevos y emocionantes tesoros submarinos, proporcion\u00e1ndote una sensaci\u00f3n de aventura y descubrimiento que permanecer\u00e1 contigo mucho despu\u00e9s de que termine la excursi\u00f3n.   <\/p><h3 id=\"why-choose-irie-vibes-snorkeling-tour-\">\u00bfPor qu\u00e9 elegir la excursi\u00f3n de snorkel Irie Vibes?<\/h3><p>En <strong>Irie Vibes<\/strong>, nos enorgullecemos de ofrecer una experiencia de snorkel de primera calidad adaptada a quienes buscan algo m\u00e1s que las t\u00edpicas atracciones tur\u00edsticas. Nuestra dedicaci\u00f3n a la calidad y la exclusividad garantiza que cada hu\u00e9sped disfrute de un d\u00eda personalizado e inolvidable. <\/p><ul><li><strong>Ubicaci\u00f3n exclusiva<\/strong>: Practica snorkel en una playa virgen conocida s\u00f3lo por los lugare\u00f1os.<\/li><li><strong>Gu\u00edas expertos<\/strong>: Aprende de gu\u00edas apasionados con profundos conocimientos de la vida marina y la historia de Cura\u00e7ao.<\/li><li><strong>Grupos reducidos<\/strong>: Disfruta de una experiencia \u00edntima con atenci\u00f3n personalizada, garantizando tu comodidad y seguridad.<\/li><li><strong>Todo incluido<\/strong>: El equipo de buceo y los refrescos est\u00e1n incluidos, para que puedas centrarte en disfrutar de tu aventura.<\/li><\/ul><h3 id=\"what-our-guests-say\">Lo que dicen nuestros hu\u00e9spedes<\/h3><p>\u201cHe practicado snorkel en muchos lugares del mundo, pero la excursi\u00f3n de snorkel Irie Vibes en Cura\u00e7ao fue una experiencia sobresaliente. El lugar era absolutamente impresionante, un para\u00edso escondido que parec\u00eda nuestra propia playa privada. Los gu\u00edas eran expertos y amables, y se aseguraron de que nos sinti\u00e9ramos seguros mientras nos mostraban la vida marina m\u00e1s incre\u00edble. Recomendar\u00eda esta excursi\u00f3n a cualquiera que busque algo realmente especial\u201d<br \/>\u2013 Emily, invitada de Nueva York<\/p><h3 id=\"tips-for-your-irie-vibes-adventure\">Consejos para tu aventura Irie Vibes<\/h3><ul><li><strong>Lleva una botella de agua reutilizable<\/strong>: Mantente hidratado durante el recorrido.<\/li><li><strong>Utiliza un protector solar seguro para los arrecifes<\/strong>: Protege los arrecifes de coral y el medio ambiente mientras practicas snorkel.<\/li><li><strong>Lleva ropa de ba\u00f1o c\u00f3moda<\/strong>: La excursi\u00f3n incluye mucho tiempo en el agua, as\u00ed que aseg\u00farate de ir vestido adecuadamente.<\/li><li><strong>No olvides tu c\u00e1mara<\/strong>: El paisaje submarino es impresionante, y querr\u00e1s capturar los recuerdos.<\/li><\/ul><p>Con <strong>la Excursi\u00f3n de Snorkel Irie Vibes<\/strong>, no s\u00f3lo te unir\u00e1s a una excursi\u00f3n, sino que te embarcar\u00e1s en una aut\u00e9ntica aventura en Cura\u00e7ao. Como una de las experiencias de snorkel mejor valoradas de la isla, esta excursi\u00f3n es perfecta para los viajeros que buscan relajaci\u00f3n y emoci\u00f3n en un entorno verdaderamente \u00fanico. Deja que te mostremos por qu\u00e9 Cura\u00e7ao es un destino mundialmente conocido para la exploraci\u00f3n submarina.  <\/p><h2 id=\"frequently-asked-questions-about-the-irie-vibes-snorkeling-tour\">Preguntas frecuentes sobre la excursi\u00f3n de snorkel Irie Vibes<\/h2><p>Al planificar una excursi\u00f3n de snorkel de primera calidad en Cura\u00e7ao, es posible que tengas algunas preguntas en mente. A continuaci\u00f3n, hemos respondido a algunas de las preguntas m\u00e1s frecuentes sobre la <strong>Excursi\u00f3n de snorkel Irie Vibes<\/strong>, para asegurarnos de que est\u00e9s totalmente informado antes de embarcarte en esta experiencia inolvidable. <\/p><h3 id=\"1-what-is-included-in-the-price-of-the-irie-vibes-snorkeling-tour-\">1. \u00bfQu\u00e9 est\u00e1 incluido en el precio de la Excursi\u00f3n de snorkel Irie Vibes?<\/h3><p>Por <strong>85 US$ \/ 153 ANG por persona<\/strong>, la Excursi\u00f3n de snorkel Irie Vibes incluye<\/p><ul><li><strong>Equipo de snorkel<\/strong> (m\u00e1scara, aletas y tubo) de primera calidad.<\/li><li><strong>Gu\u00edas profesionales<\/strong> con amplios conocimientos de la vida marina y la historia locales.<\/li><li><strong>Acceso a una playa aislada y exclusiva<\/strong> que pocos turistas llegan a experimentar.<\/li><li><strong>Refrigerios ligeros<\/strong>, incluyendo agua y tentempi\u00e9s, para mantenerte con energ\u00eda durante el recorrido.<\/li><\/ul><p>\u00a1Este paquete con todo incluido te garantiza que no tendr\u00e1s que preocuparte de traer nada m\u00e1s que tu sentido de la aventura!<\/p><h3 id=\"2-is-the-irie-vibes-snorkeling-tour-suitable-for-beginners-\">2. \u00bfLa excursi\u00f3n de snorkel Irie Vibes es adecuada para principiantes?<\/h3><p>\u00a1Por supuesto! Tanto si eres un buceador experimentado como un completo novato, la <strong>Excursi\u00f3n de Snorkel Irie Vibes<\/strong> est\u00e1 dise\u00f1ada para todos los niveles de experiencia. Nuestros experimentados gu\u00edas te dar\u00e1n todas las instrucciones y medidas de seguridad necesarias para disfrutar de la excursi\u00f3n, asegur\u00e1ndose de que los principiantes se sientan c\u00f3modos y seguros en el agua. Las aguas tranquilas y transparentes de la apartada playa son perfectas para una relajada experiencia de snorkel.   <\/p><h3 id=\"3-how-long-does-the-tour-last-and-what-should-i-expect-\">3. \u00bfCu\u00e1nto dura la visita y qu\u00e9 puedo esperar?<\/h3><p>La <strong>Excursi\u00f3n de Snorkel Irie Vibes<\/strong> es una experiencia <strong>de 4 horas<\/strong>, que ofrece tiempo de sobra para explorar el hermoso paisaje submarino y empaparse de la relajante atm\u00f3sfera de la playa. He aqu\u00ed un esquema general de la excursi\u00f3n: <\/p><ul><li><strong>Llegada a la playa secreta<\/strong>: Breve introducci\u00f3n a la historia de la plantaci\u00f3n y a la cultura local.<\/li><li><strong>Sesi\u00f3n de snorkel<\/strong>: Explora los vibrantes arrecifes de coral y la diversa vida marina.<\/li><li><strong>Pausa para refrigerios<\/strong>: Disfruta de algunos aperitivos ligeros y bebidas mientras contemplas la belleza del entorno.<\/li><li><strong>Sesi\u00f3n final de snorkel<\/strong>: Contin\u00faa tu aventura submarina o rel\u00e1jate en la playa virgen.<\/li><\/ul><p>El itinerario permite una experiencia flexible y relajada que puedes disfrutar a tu propio ritmo.<\/p><h3 id=\"4-what-should-i-bring-with-me-on-the-tour-\">4. \u00bfQu\u00e9 debo llevar a la visita?<\/h3><p>Te recomendamos que lleves los siguientes art\u00edculos para que pases un d\u00eda c\u00f3modo y agradable:<\/p><ul><li><strong>Protector solar<\/strong> (preferiblemente apto para arrecifes para proteger la vida marina)<\/li><li><strong>Ba\u00f1ador y toalla<\/strong><\/li><li><strong>C\u00e1mara acu\u00e1tica<\/strong> para capturar tus recuerdos bajo el agua<\/li><li><strong>Botella de agua reutilizable<\/strong> para mantenerte hidratado<\/li><li><strong>Sombrero y gafas de sol<\/strong> para protegerse del sol durante los descansos<\/li><\/ul><p>Te proporcionamos todo el equipo de buceo y los refrescos, para que puedas viajar ligero y centrarte en la experiencia.<\/p><h3 id=\"5-what-makes-the-irie-vibes-snorkeling-tour-unique-\">5. \u00bfQu\u00e9 hace que la Excursi\u00f3n de Snorkel Irie Vibes sea \u00fanica?<\/h3><p>La <strong>excursi\u00f3n de snorkel Irie Vibes<\/strong> destaca por su ubicaci\u00f3n exclusiva y su ambiente \u00edntimo, para grupos peque\u00f1os. A diferencia de otras excursiones que tienen lugar en playas tur\u00edsticas populares, hemos preparado una experiencia \u00fanica en una de las joyas ocultas de Cura\u00e7ao: una <strong>playa privada e hist\u00f3rica<\/strong> con una rica historia local y una belleza natural intacta. Tendr\u00e1s la oportunidad de explorar algunos de los arrecifes de coral m\u00e1s vibrantes y v\u00edrgenes del Caribe sin las multitudes habituales.  <\/p><h3 id=\"6-can-i-participate-if-i-m-not-a-strong-swimmer-\">6. \u00bfPuedo participar si no soy un buen nadador?<\/h3><p>S\u00ed, \u00a1t\u00fa puedes! Aunque unos conocimientos b\u00e1sicos de nataci\u00f3n son \u00fatiles, nuestros gu\u00edas est\u00e1n formados para ayudar a participantes de todas las capacidades. Ofrecemos chalecos salvavidas para quienes necesiten apoyo adicional, y nuestros gu\u00edas estar\u00e1n en el agua contigo en todo momento para garantizar tu seguridad y comodidad.  <\/p><h3 id=\"7-how-do-i-book-the-irie-vibes-snorkeling-tour-\">7. \u00bfC\u00f3mo reservo la Excursi\u00f3n de snorkel Irie Vibes?<\/h3><p>\u00a1Reservar tu <strong>Excursi\u00f3n de Snorkel Irie Vibes<\/strong> es muy f\u00e1cil! S\u00f3lo tienes que visitar nuestro sitio web o ponerte en contacto directamente con nosotros para reservar tu plaza. Recomendamos reservar con antelaci\u00f3n, ya que nuestras excursiones est\u00e1n muy solicitadas debido a la naturaleza exclusiva del lugar y al reducido tama\u00f1o de los grupos.  <\/p><h3 id=\"8-what-is-the-best-time-of-year-to-take-the-tour-\">8. \u00bfCu\u00e1l es la mejor \u00e9poca del a\u00f1o para hacer el recorrido?<\/h3><p>Cura\u00e7ao goza de un clima c\u00e1lido y tropical durante todo el a\u00f1o, lo que la convierte en un destino perfecto para practicar snorkel en cualquier momento. Sin embargo, las mejores condiciones para bucear con tubo -con visibilidad clara y mar en calma- suelen darse entre <strong>mayo y septiembre<\/strong>, cuando el agua est\u00e1 especialmente tranquila y acogedora. <\/p><h3 id=\"9-can-children-join-the-tour-\">9. \u00bfLos ni\u00f1os pueden participar en el recorrido?<\/h3><p>S\u00ed, \u00a1damos la bienvenida a los ni\u00f1os en <strong>la Excursi\u00f3n de snorkel Irie Vibes<\/strong>! Pueden participar ni\u00f1os de hasta 6 a\u00f1os, siempre que vayan acompa\u00f1ados de un adulto y se sientan c\u00f3modos en el agua. Nuestros gu\u00edas se asegurar\u00e1n de que la experiencia sea segura y agradable para todas las edades. <\/p><p>Al abordar estas preguntas comunes, pretendemos proporcionarte toda la informaci\u00f3n que necesitas para aprovechar al m\u00e1ximo tu <strong>Excursi\u00f3n de snorkel Irie Vibes<\/strong>. Tanto si eres un principiante curioso como un experimentado buceador con tubo, esta excursi\u00f3n ofrece una mezcla \u00fanica de aventura, relajaci\u00f3n y descubrimiento en uno de los entornos m\u00e1s rec\u00f3nditos y bellos de Cura\u00e7ao. <\/p>","protected":false},"excerpt":{"rendered":"<p>Excursi\u00f3n de snorkel Irie Vibes en Cura\u00e7aoDescubre la belleza de Cura\u00e7ao con nuestra Excursi\u00f3n de Snorkel Irie Vibes, una aventura de cuatro horas que te dejar\u00e1 recuerdos inolvidables de uno de los mundos submarinos m\u00e1s encantadores del Caribe. Por s\u00f3lo 85 US$ \/ 153 ANG por persona, esta excursi\u00f3n ofrece una experiencia inmersiva de snorkel [&hellip;]<\/p>\n","protected":false},"featured_media":56325,"comment_status":"open","ping_status":"closed","template":"","meta":{"_acf_changed":false},"activity-source":[],"company-partner":[],"store":[],"product_brand":[],"product_cat":[3327,3264,3296],"product_tag":[4237],"class_list":{"0":"post-56322","1":"product","2":"type-product","3":"status-publish","4":"has-post-thumbnail","6":"product_cat-banda-abou-es","7":"product_cat-esnorquel","8":"product_cat-guia-turistico-privado","9":"product_tag-snorkeling-tours-curacao-es","11":"first","12":"instock","13":"shipping-taxable","14":"purchasable","15":"product-type-simple"},"acf":[],"_links":{"self":[{"href":"https:\/\/staging.curacaotodo.com\/es\/wp-json\/wp\/v2\/product\/56322","targetHints":{"allow":["GET"]}}],"collection":[{"href":"https:\/\/staging.curacaotodo.com\/es\/wp-json\/wp\/v2\/product"}],"about":[{"href":"https:\/\/staging.curacaotodo.com\/es\/wp-json\/wp\/v2\/types\/product"}],"replies":[{"embeddable":true,"href":"https:\/\/staging.curacaotodo.com\/es\/wp-json\/wp\/v2\/comments?post=56322"}],"wp:featuredmedia":[{"embeddable":true,"href":"https:\/\/staging.curacaotodo.com\/es\/wp-json\/wp\/v2\/media\/56325"}],"wp:attachment":[{"href":"https:\/\/staging.curacaotodo.com\/es\/wp-json\/wp\/v2\/media?parent=56322"}],"wp:term":[{"taxonomy":"activity-source","embeddable":true,"href":"https:\/\/staging.curacaotodo.com\/es\/wp-json\/wp\/v2\/activity-source?post=56322"},{"taxonomy":"company-partner","embeddable":true,"href":"https:\/\/staging.curacaotodo.com\/es\/wp-json\/wp\/v2\/company-partner?post=56322"},{"taxonomy":"store","embeddable":true,"href":"https:\/\/staging.curacaotodo.com\/es\/wp-json\/wp\/v2\/store?post=56322"},{"taxonomy":"product_brand","embeddable":true,"href":"https:\/\/staging.curacaotodo.com\/es\/wp-json\/wp\/v2\/product_brand?post=56322"},{"taxonomy":"product_cat","embeddable":true,"href":"https:\/\/staging.curacaotodo.com\/es\/wp-json\/wp\/v2\/product_cat?post=56322"},{"taxonomy":"product_tag","embeddable":true,"href":"https:\/\/staging.curacaotodo.com\/es\/wp-json\/wp\/v2\/product_tag?post=56322"}],"curies":[{"name":"wp","href":"https:\/\/api.w.org\/{rel}","templated":true}]}}