{"id":56321,"date":"2024-09-05T10:02:12","date_gmt":"2024-09-05T14:02:12","guid":{"rendered":"https:\/\/curacaotodo.com\/activity\/velero-tiki-la-mejor-experiencia-de-navegacion-en-curacao\/"},"modified":"2024-09-05T10:02:12","modified_gmt":"2024-09-05T14:02:12","slug":"velero-tiki-la-mejor-experiencia-de-navegacion-en-curacao","status":"publish","type":"product","link":"https:\/\/staging.curacaotodo.com\/es\/actividad\/velero-tiki-la-mejor-experiencia-de-navegacion-en-curacao\/","title":{"rendered":"Velero Tiki: La mejor experiencia de navegaci\u00f3n en Cura\u00e7ao"},"content":{"rendered":"<p style=\"margin: 0px 0px 15px;font-family: arial;font-size: 15px\" data-mce-style=\"margin: 0px 0px 15px; font-family: arial; font-size: 15px;\">Si prefieres <a href=\"https:\/\/staging.curacaotodo.com\/es\/actividades-acuaticas\/sailing\/\">navegar<\/a> con el viento en las velas en lugar de un motor, tenemos nuestro Velero Tiki (centauro).<\/p><p style=\"margin: 0px 0px 15px;font-family: arial;font-size: 15px\" data-mce-style=\"margin: 0px 0px 15px; font-family: arial; font-size: 15px;\">Por s\u00f3lo 40 $ la hora, puedes explorar las aguas abiertas y disfrutar de la serenidad de la navegaci\u00f3n. Con un periodo m\u00ednimo de alquiler de s\u00f3lo 2 horas, puedes adaptar tu aventura de navegaci\u00f3n a tu horario. Puedes navegar y explorar la laguna de Spanish Waters, el muelle de Santa B\u00e1rbara y los manglares.  <\/p><p style=\"margin: 0px 0px 15px;font-family: arial;font-size: 15px\" data-mce-style=\"margin: 0px 0px 15px; font-family: arial; font-size: 15px;\">El Centauro es un barco de quilla con 2 velas. Una peque\u00f1a vela delantera y una vela mayor. Tiene una eslora de 6,2 metros (20 pies) y una manga de 2 metros (6,5 pies).  <\/p><p style=\"margin: 0px 0px 15px;font-family: arial;font-size: 15px\" data-mce-style=\"margin: 0px 0px 15px; font-family: arial; font-size: 15px;\">Tiene capacidad para un m\u00e1ximo de 4 personas.<\/p><p style=\"margin: 0px 0px 15px;font-family: arial;font-size: 15px\" data-mce-style=\"margin: 0px 0px 15px; font-family: arial; font-size: 15px;\">S\u00f3lo puedes alquilar el centauro si eres un navegante experimentado. Si no tienes experiencia, ponte en contacto con nosotros para recibir clases. <\/p><p style=\"margin: 0px 0px 15px;font-family: arial;font-size: 15px\" data-mce-style=\"margin: 0px 0px 15px; font-family: arial; font-size: 15px;\">La ba\u00f1era est\u00e1 equipada con espacios de almacenamiento delante y detr\u00e1s. Y recibir\u00e1s una gran bolsa seca para mantener secos tus objetos importantes. Tambi\u00e9n habr\u00e1 en el velero un mapa de las Aguas Espa\u00f1olas con todos los deptos y boyas de amarre para atracar. Una radio para llamar a la base y un rastreador gps.   <\/p>","protected":false},"excerpt":{"rendered":"<p data-start=\"110\" data-end=\"316\">\u00bfPrefieres el viento a la potencia del motor? Alquila nuestro Velero Tiki (Centauro) por s\u00f3lo 40 $\/hora (m\u00edn. 2 horas) y explora tranquilamente las Aguas Espa\u00f1olas, el muelle de Santa B\u00e1rbara y los manglares. <\/p>\n<p data-start=\"318\" data-end=\"453\">Este barco de quilla de 6,2 m (20 pies) tiene dos velas y capacidad para 4 personas. Disponible s\u00f3lo para navegantes experimentados; se pueden solicitar clases. <\/p>\n<p data-start=\"455\" data-end=\"598\">Equipado con almacenamiento delantero y trasero, una gran bolsa seca, un mapa detallado con profundidades y puntos de amarre, una radio para contactar con la base y un localizador GPS.<\/p>\n","protected":false},"featured_media":56308,"comment_status":"open","ping_status":"closed","template":"","meta":{"_acf_changed":false},"activity-source":[],"company-partner":[],"store":[],"product_brand":[],"product_cat":[466],"product_tag":[4233],"class_list":{"0":"post-56321","1":"product","2":"type-product","3":"status-publish","4":"has-post-thumbnail","6":"product_cat-sin-categorizar","7":"product_tag-tiki-boats-rental-es","9":"first","10":"instock","11":"shipping-taxable","12":"purchasable","13":"product-type-simple"},"acf":[],"_links":{"self":[{"href":"https:\/\/staging.curacaotodo.com\/es\/wp-json\/wp\/v2\/product\/56321","targetHints":{"allow":["GET"]}}],"collection":[{"href":"https:\/\/staging.curacaotodo.com\/es\/wp-json\/wp\/v2\/product"}],"about":[{"href":"https:\/\/staging.curacaotodo.com\/es\/wp-json\/wp\/v2\/types\/product"}],"replies":[{"embeddable":true,"href":"https:\/\/staging.curacaotodo.com\/es\/wp-json\/wp\/v2\/comments?post=56321"}],"wp:featuredmedia":[{"embeddable":true,"href":"https:\/\/staging.curacaotodo.com\/es\/wp-json\/wp\/v2\/media\/56308"}],"wp:attachment":[{"href":"https:\/\/staging.curacaotodo.com\/es\/wp-json\/wp\/v2\/media?parent=56321"}],"wp:term":[{"taxonomy":"activity-source","embeddable":true,"href":"https:\/\/staging.curacaotodo.com\/es\/wp-json\/wp\/v2\/activity-source?post=56321"},{"taxonomy":"company-partner","embeddable":true,"href":"https:\/\/staging.curacaotodo.com\/es\/wp-json\/wp\/v2\/company-partner?post=56321"},{"taxonomy":"store","embeddable":true,"href":"https:\/\/staging.curacaotodo.com\/es\/wp-json\/wp\/v2\/store?post=56321"},{"taxonomy":"product_brand","embeddable":true,"href":"https:\/\/staging.curacaotodo.com\/es\/wp-json\/wp\/v2\/product_brand?post=56321"},{"taxonomy":"product_cat","embeddable":true,"href":"https:\/\/staging.curacaotodo.com\/es\/wp-json\/wp\/v2\/product_cat?post=56321"},{"taxonomy":"product_tag","embeddable":true,"href":"https:\/\/staging.curacaotodo.com\/es\/wp-json\/wp\/v2\/product_tag?post=56321"}],"curies":[{"name":"wp","href":"https:\/\/api.w.org\/{rel}","templated":true}]}}