{"id":56319,"date":"2024-09-05T09:51:55","date_gmt":"2024-09-05T13:51:55","guid":{"rendered":"https:\/\/curacaotodo.com\/activity\/tiki-bbq-boat-xl-se-tu-propio-capitan\/"},"modified":"2024-09-05T09:51:55","modified_gmt":"2024-09-05T13:51:55","slug":"tiki-bbq-boat-xl-se-tu-propio-capitan","status":"publish","type":"product","link":"https:\/\/staging.curacaotodo.com\/es\/actividad\/tiki-bbq-boat-xl-se-tu-propio-capitan\/","title":{"rendered":"Tiki BBQ Boat XL: S\u00e9 tu propio capit\u00e1n"},"content":{"rendered":"<p class=\"\" data-start=\"217\" data-end=\"446\" style=\"margin: 0px 0px 15px;font-family: arial;font-size: 15px\" data-mce-style=\"margin: 0px 0px 15px; font-family: arial; font-size: 15px;\">Nuestro Tiki BBQ Boat XL ofrece m\u00e1s espacio para grupos m\u00e1s grandes o cuando simplemente quieres disfrutar de una comodidad extra. Con un dise\u00f1o redondo y una disposici\u00f3n similares a los de nuestra Barca Barbacoa Tiki Peque\u00f1a, esta versi\u00f3n tiene capacidad para 8 personas c\u00f3modamente. <\/p><p class=\"\" data-start=\"448\" data-end=\"623\" style=\"margin: 0px 0px 15px;font-family: arial;font-size: 15px\" data-mce-style=\"margin: 0px 0px 15px; font-family: arial; font-size: 15px;\">En el centro, encontrar\u00e1s una mesa con una nevera integrada para tus bebidas fr\u00edas. Tr\u00e1ete las tuyas o abast\u00e9cete en nuestra oficina con una selecci\u00f3n de refrescos, cerveza, vino y gaseosas. <\/p><p class=\"\" data-start=\"625\" data-end=\"821\" style=\"margin: 0px 0px 15px;font-family: arial;font-size: 15px\" data-mce-style=\"margin: 0px 0px 15px; font-family: arial; font-size: 15px;\">\u00bfListo para asar? S\u00f3lo tienes que cambiar la nevera por nuestra barbacoa COBB cuando est\u00e9s listo para dar comienzo a tu experiencia gastron\u00f3mica Tiki BBQ (opcional). Cada barco incluye tambi\u00e9n una papelera y ceniceros para tu comodidad.  <\/p><p class=\"\" data-start=\"823\" data-end=\"971\" style=\"margin: 0px 0px 15px;font-family: arial;font-size: 15px\" data-mce-style=\"margin: 0px 0px 15px; font-family: arial; font-size: 15px;\">Alquila una COBB BBQ junto con uno de nuestros deliciosos platos BBQ, platos BBQ para el desayuno o incluso haz tu propia Pizza a bordo.<\/p><p class=\"\" data-start=\"973\" data-end=\"1178\" style=\"margin: 0px 0px 15px;font-family: arial;font-size: 15px\" data-mce-style=\"margin: 0px 0px 15px; font-family: arial; font-size: 15px;\">Las barcas barbacoa Tiki est\u00e1n propulsadas por un motor fueraborda Yamaha de f\u00e1cil manejo, por lo que es f\u00e1cil <a href=\"https:\/\/staging.curacaotodo.com\/es\/actividades-acuaticas\/sailing\/\">navegar<\/a> c\u00f3modamente por las bellas Aguas Espa\u00f1olas de Cura\u00e7ao, incluso con un grupo completo a bordo.<\/p><p class=\"\" data-start=\"886\" data-end=\"959\" style=\"margin: 0px 0px 15px;font-family: arial;font-size: 15px\" data-mce-style=\"margin: 0px 0px 15px; font-family: arial; font-size: 15px;\">Tras un refrescante ba\u00f1o, vuelve a subir a bordo utilizando la escalera de nataci\u00f3n.<\/p><p class=\"\" data-start=\"961\" data-end=\"1108\" style=\"margin: 0px 0px 15px;font-family: arial;font-size: 15px\" data-mce-style=\"margin: 0px 0px 15px; font-family: arial; font-size: 15px;\">Y por si fuera poco, el llamativo techo de hojas de palmera Tiki ofrece sombra del sol caribe\u00f1o. Tambi\u00e9n est\u00e1 tratado a prueba de incendios para tu seguridad. <\/p>","protected":false},"excerpt":{"rendered":"<p data-start=\"71\" data-end=\"327\">Disfruta de m\u00e1s espacio y comodidad en nuestro Barco Barbacoa Tiki XL, perfecto para grupos de hasta 8 personas. Al igual que la versi\u00f3n Peque\u00f1a, tiene un dise\u00f1o redondo con una mesa central y nevera integrada: trae tus propias bebidas o abast\u00e9cete en nuestra oficina. <\/p>\n<p data-start=\"329\" data-end=\"541\">\u00bfListo para asar? Cambia la nevera por nuestra barbacoa COBB opcional y disfruta de una barbacoa en el agua. Comb\u00ednala con una de nuestras barbacoas o bandejas de desayuno para mayor comodidad.  <\/p>\n<p data-start=\"543\" data-end=\"703\">El motor fueraborda Yamaha, f\u00e1cil de usar, hace que navegar por las aguas espa\u00f1olas de Cura\u00e7ao sea una brisa. Despu\u00e9s de un refrescante ba\u00f1o, utiliza la escalera de ba\u00f1o para volver a subir a bordo. <\/p>\n","protected":false},"featured_media":56290,"comment_status":"open","ping_status":"closed","template":"","meta":{"_acf_changed":false},"activity-source":[],"company-partner":[],"store":[],"product_brand":[],"product_cat":[466],"product_tag":[4233],"class_list":{"0":"post-56319","1":"product","2":"type-product","3":"status-publish","4":"has-post-thumbnail","6":"product_cat-sin-categorizar","7":"product_tag-tiki-boats-rental-es","9":"first","10":"instock","11":"shipping-taxable","12":"purchasable","13":"product-type-simple"},"acf":[],"_links":{"self":[{"href":"https:\/\/staging.curacaotodo.com\/es\/wp-json\/wp\/v2\/product\/56319","targetHints":{"allow":["GET"]}}],"collection":[{"href":"https:\/\/staging.curacaotodo.com\/es\/wp-json\/wp\/v2\/product"}],"about":[{"href":"https:\/\/staging.curacaotodo.com\/es\/wp-json\/wp\/v2\/types\/product"}],"replies":[{"embeddable":true,"href":"https:\/\/staging.curacaotodo.com\/es\/wp-json\/wp\/v2\/comments?post=56319"}],"wp:featuredmedia":[{"embeddable":true,"href":"https:\/\/staging.curacaotodo.com\/es\/wp-json\/wp\/v2\/media\/56290"}],"wp:attachment":[{"href":"https:\/\/staging.curacaotodo.com\/es\/wp-json\/wp\/v2\/media?parent=56319"}],"wp:term":[{"taxonomy":"activity-source","embeddable":true,"href":"https:\/\/staging.curacaotodo.com\/es\/wp-json\/wp\/v2\/activity-source?post=56319"},{"taxonomy":"company-partner","embeddable":true,"href":"https:\/\/staging.curacaotodo.com\/es\/wp-json\/wp\/v2\/company-partner?post=56319"},{"taxonomy":"store","embeddable":true,"href":"https:\/\/staging.curacaotodo.com\/es\/wp-json\/wp\/v2\/store?post=56319"},{"taxonomy":"product_brand","embeddable":true,"href":"https:\/\/staging.curacaotodo.com\/es\/wp-json\/wp\/v2\/product_brand?post=56319"},{"taxonomy":"product_cat","embeddable":true,"href":"https:\/\/staging.curacaotodo.com\/es\/wp-json\/wp\/v2\/product_cat?post=56319"},{"taxonomy":"product_tag","embeddable":true,"href":"https:\/\/staging.curacaotodo.com\/es\/wp-json\/wp\/v2\/product_tag?post=56319"}],"curies":[{"name":"wp","href":"https:\/\/api.w.org\/{rel}","templated":true}]}}