{"id":56318,"date":"2024-09-05T10:11:58","date_gmt":"2024-09-05T14:11:58","guid":{"rendered":"https:\/\/curacaotodo.com\/activity\/kayak-tiki-descubre-las-aguas-espanolas\/"},"modified":"2024-09-05T10:11:58","modified_gmt":"2024-09-05T14:11:58","slug":"kayak-tiki-descubre-las-aguas-espanolas","status":"publish","type":"product","link":"https:\/\/staging.curacaotodo.com\/es\/actividad\/kayak-tiki-descubre-las-aguas-espanolas\/","title":{"rendered":"Kayak Tiki: Descubre las Aguas Espa\u00f1olas"},"content":{"rendered":"<p style=\"margin: 0px 0px 15px;font-family: arial;font-size: 15px\">Empieza tu propia aventura Tiki con el <a href=\"https:\/\/staging.curacaotodo.com\/es\/actividades-acuaticas\/kayaking\/\">Kayak<\/a> Tiki y explora las hermosas Aguas Espa\u00f1olas de una forma \u00fanica y relajante. El Kayak es perfecto para los que quieren explorar las Aguas Espa\u00f1olas a su propio ritmo y sin motor. <\/p><p style=\"margin: 0px 0px 15px;font-family: arial;font-size: 15px\">Lo que obtienes:<br \/>Cada Kayak viene completo con:<br \/>Un kayak estable para 1 \u00f3 2 personas<br \/>2 remos<br \/>Chalecos salvavidas para mayor seguridad<br \/>Una bolsa de secado para tus pertenencias<\/p><p style=\"margin: 0px 0px 15px;font-family: arial;font-size: 15px\">Un mapa de navegaci\u00f3n y explicaciones sobre los mejores lugares para explorar, desde tranquilas bah\u00edas hasta senderos secretos por los manglares<\/p><p style=\"margin: 0px 0px 15px;font-family: arial;font-size: 15px\">\u00bfTienes sed?<br \/>Las bebidas se pueden pedir f\u00e1cilmente sobre la marcha, \u00a1fr\u00edas y listas para llevar!<\/p><p style=\"margin: 0px 0px 15px;font-family: arial;font-size: 15px\">Con un ambiente tropical, una hermosa naturaleza y todo el equipo que necesitas, el Kayak Tiki es la forma de explorar Spanish Water a tu ritmo. Tanto si eliges una excursi\u00f3n por la ma\u00f1ana temprano como una relajante remada por la tarde. <\/p>","protected":false},"excerpt":{"rendered":"<\/p>\n<p data-start=\"102\" data-end=\"267\"><strong data-start=\"102\" data-end=\"144\">Descubre las<\/strong> Aguas Espa\u00f1olas <strong data-start=\"102\" data-end=\"144\">con Tiki Kayak<\/strong><br data-start=\"144\" data-end=\"147\">Explora las impresionantes Aguas Espa\u00f1olas a tu propio ritmo en un kayak estable para 1 \u00f3 2 personas \u2013 sin motor, s\u00f3lo paz y naturaleza.<\/p>\n<p data-start=\"269\" data-end=\"284\"><strong data-start=\"269\" data-end=\"282\">Incluido:<\/strong><\/p>\n<ul data-start=\"285\" data-end=\"414\">\n<li data-start=\"285\" data-end=\"307\">\n<p data-start=\"287\" data-end=\"307\">Kayak (1-2 personas)<\/p>\n<\/li>\n<li data-start=\"308\" data-end=\"321\">\n<p data-start=\"310\" data-end=\"321\">2 palas<\/p>\n<\/li>\n<li data-start=\"322\" data-end=\"338\">\n<p data-start=\"324\" data-end=\"338\">Chalecos salvavidas<\/p>\n<\/li>\n<li data-start=\"339\" data-end=\"350\">\n<p data-start=\"341\" data-end=\"350\">Bolsa seca<\/p>\n<\/li>\n<li data-start=\"351\" data-end=\"414\">\n<p data-start=\"353\" data-end=\"414\">Mapa de navegaci\u00f3n con los mejores lugares: bah\u00edas tranquilas, manglares y m\u00e1s<\/p>\n<\/li>\n<\/ul>\n<p data-start=\"416\" data-end=\"475\"><strong data-start=\"416\" data-end=\"428\">\u00bfTienes sed?<\/strong><br data-start=\"428\" data-end=\"431\">Pide bebidas fr\u00edas al momento, \u00a1listas para llevar!<\/p>\n<p data-start=\"477\" data-end=\"551\">Perfecto para una aventura tropical matutina o para una relajante tarde de remo.<\/p>\n<p><\/p>\n","protected":false},"featured_media":56311,"comment_status":"open","ping_status":"closed","template":"","meta":{"_acf_changed":false},"activity-source":[],"company-partner":[],"store":[],"product_brand":[],"product_cat":[3294,466,3270],"product_tag":[4233],"class_list":{"0":"post-56318","1":"product","2":"type-product","3":"status-publish","4":"has-post-thumbnail","6":"product_cat-alquila-un-barco","7":"product_cat-sin-categorizar","8":"product_cat-paseos-en-barco","9":"product_tag-tiki-boats-rental-es","11":"first","12":"instock","13":"shipping-taxable","14":"product-type-simple"},"acf":[],"_links":{"self":[{"href":"https:\/\/staging.curacaotodo.com\/es\/wp-json\/wp\/v2\/product\/56318","targetHints":{"allow":["GET"]}}],"collection":[{"href":"https:\/\/staging.curacaotodo.com\/es\/wp-json\/wp\/v2\/product"}],"about":[{"href":"https:\/\/staging.curacaotodo.com\/es\/wp-json\/wp\/v2\/types\/product"}],"replies":[{"embeddable":true,"href":"https:\/\/staging.curacaotodo.com\/es\/wp-json\/wp\/v2\/comments?post=56318"}],"wp:featuredmedia":[{"embeddable":true,"href":"https:\/\/staging.curacaotodo.com\/es\/wp-json\/wp\/v2\/media\/56311"}],"wp:attachment":[{"href":"https:\/\/staging.curacaotodo.com\/es\/wp-json\/wp\/v2\/media?parent=56318"}],"wp:term":[{"taxonomy":"activity-source","embeddable":true,"href":"https:\/\/staging.curacaotodo.com\/es\/wp-json\/wp\/v2\/activity-source?post=56318"},{"taxonomy":"company-partner","embeddable":true,"href":"https:\/\/staging.curacaotodo.com\/es\/wp-json\/wp\/v2\/company-partner?post=56318"},{"taxonomy":"store","embeddable":true,"href":"https:\/\/staging.curacaotodo.com\/es\/wp-json\/wp\/v2\/store?post=56318"},{"taxonomy":"product_brand","embeddable":true,"href":"https:\/\/staging.curacaotodo.com\/es\/wp-json\/wp\/v2\/product_brand?post=56318"},{"taxonomy":"product_cat","embeddable":true,"href":"https:\/\/staging.curacaotodo.com\/es\/wp-json\/wp\/v2\/product_cat?post=56318"},{"taxonomy":"product_tag","embeddable":true,"href":"https:\/\/staging.curacaotodo.com\/es\/wp-json\/wp\/v2\/product_tag?post=56318"}],"curies":[{"name":"wp","href":"https:\/\/api.w.org\/{rel}","templated":true}]}}