{"id":56316,"date":"2024-09-18T05:19:40","date_gmt":"2024-09-18T09:19:40","guid":{"rendered":"https:\/\/curacaotodo.com\/activity\/tu-pez-manda\/"},"modified":"2024-09-18T05:19:40","modified_gmt":"2024-09-18T09:19:40","slug":"tu-pez-manda","status":"publish","type":"product","link":"https:\/\/staging.curacaotodo.com\/es\/actividad\/tu-pez-manda\/","title":{"rendered":"Tu pez manda"},"content":{"rendered":"<h2 id=\"your-fish-is-our-command-tour-a-luxurious-snorkeling-experience-in-cura-ao\">Tu Pez es Nuestro Mando Una lujosa experiencia de snorkel en Cura\u00e7ao<\/h2><p>Explora las joyas submarinas ocultas de Cura\u00e7ao con la excursi\u00f3n de snorkel <strong>Tu Pez es Nuestro Mando<\/strong>, una aventura premium de 6 horas dise\u00f1ada para quienes buscan exclusividad y experiencias personalizadas. A 127,50 $ por persona, esta excursi\u00f3n ofrece una oportunidad \u00fanica de nadar junto a tortugas marinas y descubrir la vibrante vida marina que se encuentra fuera de los caminos trillados de la isla. La excursi\u00f3n, guiada por expertos locales, te lleva desde el punto m\u00e1s occidental de Cura\u00e7ao hasta las playas m\u00e1s v\u00edrgenes de la isla, garantizando una experiencia de snorkel realmente envolvente e inolvidable.  <\/p><p>Pensada para los viajeros que valoran el lujo y la autenticidad, la excursi\u00f3n <strong>Tu Pez es Nuestro Mando<\/strong> combina la belleza natural del mundo acu\u00e1tico de Cura\u00e7ao con interesantes relatos sobre la <a href=\"https:\/\/staging.curacaotodo.com\/es\/curacao-information\/history\/\">historia<\/a> de la isla. Tanto si eres un buceador experimentado como si es tu primera vez, esta excursi\u00f3n promete un exclusivo y sereno viaje submarino adaptado a tus preferencias. <\/p><h2 id=\"discover-the-best-snorkeling-experience-in-cura-ao\">Descubre la mejor experiencia de snorkel en Cura\u00e7ao<\/h2><p>Emb\u00e1rcate en una aventura \u00fanica en la vida con la excursi\u00f3n de snorkel <strong>Your Fish Is Our Command<\/strong>, una experiencia de lujo que muestra el impresionante mundo submarino de Cura\u00e7ao. Esta excursi\u00f3n de seis horas comienza con un inolvidable ba\u00f1o junto a majestuosas tortugas marinas en el extremo occidental de la isla. Estas gentiles criaturas se deslizan sin esfuerzo por las aguas cristalinas, d\u00e1ndote la oportunidad de observarlas en su h\u00e1bitat natural. Es una experiencia sin igual que pocos turistas llegan a disfrutar.   <\/p><p>Desde all\u00ed, viajar\u00e1s por los paisajes hist\u00f3ricos de Cura\u00e7ao, pasando por una encantadora plantaci\u00f3n que cuenta la historia del rico patrimonio cultural de la isla. Pero el verdadero punto culminante llega cuando llegas a una de las tres playas v\u00edrgenes y solitarias. Cada playa ofrece su propio ecosistema submarino \u00fanico, lo que te permite elegir el lugar perfecto para sumergirte y descubrir la vibrante vida marina por la que es conocida Cura\u00e7ao. Tanto si prefieres coloridos arrecifes de coral, peces ex\u00f3ticos o tranquilas bah\u00edas de arena, hay una joya oculta del buceo con tubo esper\u00e1ndote.   <\/p><h3 id=\"why-choose-our-tour-\">\u00bfPor qu\u00e9 elegir nuestro circuito?<\/h3><p>En <strong>Your Fish Is Our Command<\/strong>, nos enorgullecemos de ofrecer la mejor experiencia de snorkel en Cura\u00e7ao. Nuestros gu\u00edas expertos no s\u00f3lo son unos apasionados de la vida marina de la isla, sino que tambi\u00e9n se dedican a ofrecer un servicio personalizado. Cada excursi\u00f3n est\u00e1 hecha a medida para garantizar que experimentes lo mejor de lo que Cura\u00e7ao puede ofrecer, con comodidad y estilo. He aqu\u00ed por qu\u00e9 nuestra excursi\u00f3n destaca:   <\/p><ul><li><strong>Lugares exclusivos para bucear<\/strong>: Evita las multitudes y explora lugares poco frecuentados que s\u00f3lo conocen los lugare\u00f1os.<\/li><li><strong>Experiencia de lujo<\/strong>: Atendemos a viajeros de alto nivel que buscan intimidad, comodidad y un servicio excepcional.<\/li><li><strong>Gu\u00edas expertos<\/strong>: Nuestros gu\u00edas locales tienen a\u00f1os de experiencia y un profundo conocimiento de las aguas y la historia de Cura\u00e7ao.<\/li><li><strong>A la medida de tus preferencias<\/strong>: T\u00fa eliges tu playa y tu ritmo, garantizando una aventura personalizada.<\/li><\/ul><p>Pero no te f\u00edes s\u00f3lo de nuestra palabra. Una de nuestras antiguas invitadas, Jennifer, de Nueva York, comparti\u00f3 su opini\u00f3n:<br \/><em>\u201cHe hecho snorkel en muchos sitios, pero nada se puede comparar a esta experiencia. El equipo de <strong>Your Fish Is Our<\/strong> Command hizo todo lo posible para asegurarse de que estuvi\u00e9ramos c\u00f3modos, \u00a1y las tortugas marinas fueron lo mejor de todo mi viaje! No puedo recomendarlo lo suficiente\u201d.  <\/em><\/p><p>Cuando reservas con nosotros, no s\u00f3lo te apuntas a una excursi\u00f3n de buceo con tubo, sino que inviertes en una experiencia personalizada de primera calidad que muestra lo mejor de los tesoros submarinos de Cura\u00e7ao. Tanto si buscas tranquilidad como aventura, esta excursi\u00f3n superar\u00e1 tus expectativas. <\/p><h2 id=\"frequently-asked-questions-about-the-your-fish-is-our-command-tour\">Preguntas frecuentes sobre la Gira \u00abTu pez nos manda<\/h2><h3 id=\"how-experienced-do-i-need-to-be-to-join-this-tour-\">\u00bfQu\u00e9 experiencia debo tener para participar en esta excursi\u00f3n?<\/h3><p>La excursi\u00f3n <strong>Tu Pez es Nuestro Mando<\/strong> est\u00e1 dise\u00f1ada para todos los niveles de habilidad, desde principiantes hasta snorkelistas avanzados. Nuestros gu\u00edas tienen experiencia y dan instrucciones de seguridad para garantizar que todos se sientan c\u00f3modos en el agua. Si es la primera vez que haces snorkel, te ofrecemos orientaci\u00f3n y asistencia durante toda la excursi\u00f3n.  <\/p><h3 id=\"what-is-included-in-the-tour-price-\">\u00bfQu\u00e9 est\u00e1 incluido en el precio del viaje?<\/h3><p>La tarifa de 127,50 US$ (229,50 ANG) por persona incluye una excursi\u00f3n guiada de 6 horas, equipo de buceo y transporte entre los puntos de buceo. Tambi\u00e9n recibir\u00e1s refrescos y tentempi\u00e9s durante la excursi\u00f3n, para que te mantengas con energ\u00eda para tu aventura. Si tienes alguna preferencia diet\u00e9tica, av\u00edsanos con antelaci\u00f3n.  <\/p><h3 id=\"what-should-i-bring-for-the-tour-\">\u00bfQu\u00e9 debo llevar para la visita?<\/h3><p>Te recomendamos que lleves los siguientes art\u00edculos para garantizar una experiencia c\u00f3moda:<\/p><ul><li>Ba\u00f1adores<\/li><li>Protector solar (es preferible que sea seguro para los arrecifes, a fin de proteger el medio marino)<\/li><li>Sombrero y gafas de sol para protegerte del sol<\/li><li>Toalla<\/li><li>C\u00e1mara acu\u00e1tica para capturar tus recuerdos bajo el agua<\/li><\/ul><p>Nuestro equipo te proporcionar\u00e1 todo el equipo de buceo, pero puedes traer el tuyo propio si lo prefieres.<\/p><h3 id=\"can-i-choose-which-beach-we-visit-\">\u00bfPuedo elegir qu\u00e9 playa visitamos?<\/h3><p>\u00a1S\u00ed! Uno de los aspectos \u00fanicos de la excursi\u00f3n <strong>Tu pez manda<\/strong> es que tienes la opci\u00f3n de elegir entre tres playas v\u00edrgenes. Tanto si prefieres las serenas aguas de <a href=\"https:\/\/staging.curacaotodo.com\/es\/playas\/playa-kalki\/\">Playa Kalki<\/a>, los vibrantes arrecifes de coral de <a href=\"https:\/\/staging.curacaotodo.com\/es\/playas\/playa-grandi\/\">Playa Grandi<\/a> o la belleza aislada de <a href=\"https:\/\/staging.curacaotodo.com\/es\/playas\/kenepa-grandi-grote-knip\/\">Grote Knip<\/a>, podemos adaptar la experiencia a tus preferencias.  <\/p><h3 id=\"what-kind-of-marine-life-will-i-see-\">\u00bfQu\u00e9 tipo de vida marina ver\u00e9?<\/h3><p>Cura\u00e7ao alberga una incre\u00edble diversidad de especies marinas. Durante la excursi\u00f3n, es probable que veas tortugas marinas, peces de colores como el pez loro y el pez \u00e1ngel, y una gran variedad de formaciones coralinas. Dependiendo de la playa que elijas, \u00a1tambi\u00e9n podr\u00edas encontrar rayas, anguilas o incluso pulpos! Nuestros gu\u00edas te ayudar\u00e1n a identificar las distintas especies y se asegurar\u00e1n de que aproveches al m\u00e1ximo tu experiencia de snorkel.   <\/p><h3 id=\"is-the-tour-suitable-for-children-\">\u00bfLa excursi\u00f3n es adecuada para ni\u00f1os?<\/h3><p>S\u00ed, la excursi\u00f3n es apta para familias y para ni\u00f1os que se sientan c\u00f3modos en el agua. Lo recomendamos para ni\u00f1os a partir de 8 a\u00f1os, pero nuestro equipo puede proporcionar apoyo adicional para garantizar que los ni\u00f1os m\u00e1s peque\u00f1os se sientan seguros y confiados mientras bucean. <\/p><h3 id=\"what-makes-this-tour-different-from-other-snorkeling-tours-in-cura-ao-\">\u00bfQu\u00e9 hace que esta excursi\u00f3n sea diferente de otras excursiones de snorkel en Cura\u00e7ao?<\/h3><p>La excursi\u00f3n <strong>Tu Pez es Nuestro Mando<\/strong> es una experiencia premium que va m\u00e1s all\u00e1 de las t\u00edpicas excursiones de snorkel. A diferencia de las excursiones est\u00e1ndar, nos centramos en la exclusividad, ofreciendo acceso privado a lugares de buceo menos concurridos. Adem\u00e1s, damos prioridad a una experiencia de lujo, proporcionando un servicio personalizado, itinerarios flexibles y conocimientos locales expertos para que tu aventura sea \u00fanica y memorable.  <\/p><p>Tanto si viajas solo, en pareja o en familia, esta excursi\u00f3n ofrece una experiencia de snorkel a medida que resalta la belleza natural de Cura\u00e7ao como ninguna otra excursi\u00f3n puede hacerlo. Para los viajeros exigentes que quieren lo mejor, \u00e9sta es la opci\u00f3n ideal para explorar el mundo submarino de la isla. <\/p>","protected":false},"excerpt":{"rendered":"<p>Tu Pez es Nuestro Mando Una lujosa experiencia de snorkel en Cura\u00e7aoExplora las joyas submarinas ocultas de Cura\u00e7ao con la excursi\u00f3n de snorkel Tu Pez es Nuestro Mando, una aventura premium de 6 horas dise\u00f1ada para quienes buscan exclusividad y experiencias personalizadas. A 127,50 $ por persona, esta excursi\u00f3n ofrece una oportunidad \u00fanica de nadar [&hellip;]<\/p>\n","protected":false},"featured_media":56317,"comment_status":"open","ping_status":"closed","template":"","meta":{"_acf_changed":false},"activity-source":[],"company-partner":[],"store":[],"product_brand":[],"product_cat":[3327,3264,3296],"product_tag":[4237],"class_list":{"0":"post-56316","1":"product","2":"type-product","3":"status-publish","4":"has-post-thumbnail","6":"product_cat-banda-abou-es","7":"product_cat-esnorquel","8":"product_cat-guia-turistico-privado","9":"product_tag-snorkeling-tours-curacao-es","11":"first","12":"instock","13":"shipping-taxable","14":"purchasable","15":"product-type-simple"},"acf":[],"_links":{"self":[{"href":"https:\/\/staging.curacaotodo.com\/es\/wp-json\/wp\/v2\/product\/56316","targetHints":{"allow":["GET"]}}],"collection":[{"href":"https:\/\/staging.curacaotodo.com\/es\/wp-json\/wp\/v2\/product"}],"about":[{"href":"https:\/\/staging.curacaotodo.com\/es\/wp-json\/wp\/v2\/types\/product"}],"replies":[{"embeddable":true,"href":"https:\/\/staging.curacaotodo.com\/es\/wp-json\/wp\/v2\/comments?post=56316"}],"wp:featuredmedia":[{"embeddable":true,"href":"https:\/\/staging.curacaotodo.com\/es\/wp-json\/wp\/v2\/media\/56317"}],"wp:attachment":[{"href":"https:\/\/staging.curacaotodo.com\/es\/wp-json\/wp\/v2\/media?parent=56316"}],"wp:term":[{"taxonomy":"activity-source","embeddable":true,"href":"https:\/\/staging.curacaotodo.com\/es\/wp-json\/wp\/v2\/activity-source?post=56316"},{"taxonomy":"company-partner","embeddable":true,"href":"https:\/\/staging.curacaotodo.com\/es\/wp-json\/wp\/v2\/company-partner?post=56316"},{"taxonomy":"store","embeddable":true,"href":"https:\/\/staging.curacaotodo.com\/es\/wp-json\/wp\/v2\/store?post=56316"},{"taxonomy":"product_brand","embeddable":true,"href":"https:\/\/staging.curacaotodo.com\/es\/wp-json\/wp\/v2\/product_brand?post=56316"},{"taxonomy":"product_cat","embeddable":true,"href":"https:\/\/staging.curacaotodo.com\/es\/wp-json\/wp\/v2\/product_cat?post=56316"},{"taxonomy":"product_tag","embeddable":true,"href":"https:\/\/staging.curacaotodo.com\/es\/wp-json\/wp\/v2\/product_tag?post=56316"}],"curies":[{"name":"wp","href":"https:\/\/api.w.org\/{rel}","templated":true}]}}