{"id":56315,"date":"2024-09-05T09:46:07","date_gmt":"2024-09-05T13:46:07","guid":{"rendered":"https:\/\/curacaotodo.com\/activity\/barco-tiki-bbq-pequeno-se-tu-propio-capitan\/"},"modified":"2024-09-05T09:46:07","modified_gmt":"2024-09-05T13:46:07","slug":"barco-tiki-bbq-pequeno-se-tu-propio-capitan","status":"publish","type":"product","link":"https:\/\/staging.curacaotodo.com\/es\/actividad\/barco-tiki-bbq-pequeno-se-tu-propio-capitan\/","title":{"rendered":"Barco Tiki BBQ Peque\u00f1o: S\u00e9 tu propio capit\u00e1n"},"content":{"rendered":"<p class=\"\" data-start=\"125\" data-end=\"417\" style=\"margin: 0px 0px 15px;font-family: arial;font-size: 15px\" data-mce-style=\"margin: 0px 0px 15px; font-family: arial; font-size: 15px;\">Nuestros Barcos Barbacoa Tiki Peque\u00f1os son barcos \u00fanicos, de forma redonda, con una disposici\u00f3n de asientos redonda para hasta 4 personas. En el centro, encontrar\u00e1s una mesa con una nevera integrada para tus bebidas fr\u00edas. Tr\u00e1ete las tuyas o abast\u00e9cete en nuestra oficina con una selecci\u00f3n de refrescos, cerveza, vino y gaseosas.  <\/p><p class=\"\" data-start=\"419\" data-end=\"621\" style=\"margin: 0px 0px 15px;font-family: arial;font-size: 15px\" data-mce-style=\"margin: 0px 0px 15px; font-family: arial; font-size: 15px;\">\u00bfListo para asar? S\u00f3lo tienes que cambiar la nevera por nuestra barbacoa COBB cuando est\u00e9s listo para dar comienzo a tu experiencia gastron\u00f3mica Tiki BBQ (opcional). Cada barco incluye tambi\u00e9n una papelera y ceniceros para tu comodidad.  <\/p><p class=\"\" data-start=\"623\" data-end=\"721\" style=\"margin: 0px 0px 15px;font-family: arial;font-size: 15px\" data-mce-style=\"margin: 0px 0px 15px; font-family: arial; font-size: 15px;\">Alquila una COBB BBQ junto con uno de nuestros deliciosos platos BBQ, platos BBQ para el desayuno o incluso haz tu propia Pizza a bordo.<\/p><p class=\"\" data-start=\"723\" data-end=\"884\" style=\"margin: 0px 0px 15px;font-family: arial;font-size: 15px\" data-mce-style=\"margin: 0px 0px 15px; font-family: arial; font-size: 15px;\">Los Barcos Barbacoa Tiki Peque\u00f1os est\u00e1n propulsados por un motor fueraborda Yamaha de f\u00e1cil manejo, que te permite <a href=\"https:\/\/staging.curacaotodo.com\/es\/actividades-acuaticas\/sailing\/\">navegar<\/a> c\u00f3modamente por las hermosas Aguas Espa\u00f1olas de Cura\u00e7ao.<\/p><p class=\"\" data-start=\"886\" data-end=\"959\" style=\"margin: 0px 0px 15px;font-family: arial;font-size: 15px\" data-mce-style=\"margin: 0px 0px 15px; font-family: arial; font-size: 15px;\">Tras un refrescante ba\u00f1o, vuelve a subir a bordo utilizando la escalera de nataci\u00f3n.<\/p><p class=\"\" data-start=\"961\" data-end=\"1108\" style=\"margin: 0px 0px 15px;font-family: arial;font-size: 15px\" data-mce-style=\"margin: 0px 0px 15px; font-family: arial; font-size: 15px;\">Y por si fuera poco, el llamativo techo de hojas de palmera Tiki ofrece sombra del sol caribe\u00f1o. Tambi\u00e9n est\u00e1 tratado a prueba de incendios para tu seguridad. <\/p>","protected":false},"excerpt":{"rendered":"<p data-start=\"723\" data-end=\"953\">Nuestro Barco Barbacoa Tiki Peque\u00f1o tiene capacidad para 4 personas en una acogedora disposici\u00f3n redonda. En el centro hay una mesa con nevera integrada, para que traigas tus propias bebidas o te las sirvan en nuestra oficina. <\/p>\n<p data-start=\"955\" data-end=\"1163\">\u00bfQuieres hacer una barbacoa? Cambia la nevera por nuestra barbacoa COBB opcional y disfruta de una experiencia de barbacoa \u00fanica en el agua. A\u00f1ade una de nuestras bandejas BBQ o de desayuno para mayor facilidad.  <br data-start=\"1116\" data-end=\"1119\"><br \/>Cada barco incluye una papelera y ceniceros.<\/p>\n<p data-start=\"1165\" data-end=\"1332\">El motor fueraborda Yamaha, f\u00e1cil de usar, te permite navegar con facilidad por las bellas aguas espa\u00f1olas de Cura\u00e7ao. Despu\u00e9s de un refrescante ba\u00f1o, utiliza la escalerilla para volver a subir a bordo. <\/p>\n","protected":false},"featured_media":56296,"comment_status":"open","ping_status":"closed","template":"","meta":{"_acf_changed":false},"activity-source":[],"company-partner":[],"store":[],"product_brand":[],"product_cat":[3294,466,3270],"product_tag":[4233],"class_list":{"0":"post-56315","1":"product","2":"type-product","3":"status-publish","4":"has-post-thumbnail","6":"product_cat-alquila-un-barco","7":"product_cat-sin-categorizar","8":"product_cat-paseos-en-barco","9":"product_tag-tiki-boats-rental-es","11":"first","12":"instock","13":"shipping-taxable","14":"purchasable","15":"product-type-simple"},"acf":[],"_links":{"self":[{"href":"https:\/\/staging.curacaotodo.com\/es\/wp-json\/wp\/v2\/product\/56315","targetHints":{"allow":["GET"]}}],"collection":[{"href":"https:\/\/staging.curacaotodo.com\/es\/wp-json\/wp\/v2\/product"}],"about":[{"href":"https:\/\/staging.curacaotodo.com\/es\/wp-json\/wp\/v2\/types\/product"}],"replies":[{"embeddable":true,"href":"https:\/\/staging.curacaotodo.com\/es\/wp-json\/wp\/v2\/comments?post=56315"}],"wp:featuredmedia":[{"embeddable":true,"href":"https:\/\/staging.curacaotodo.com\/es\/wp-json\/wp\/v2\/media\/56296"}],"wp:attachment":[{"href":"https:\/\/staging.curacaotodo.com\/es\/wp-json\/wp\/v2\/media?parent=56315"}],"wp:term":[{"taxonomy":"activity-source","embeddable":true,"href":"https:\/\/staging.curacaotodo.com\/es\/wp-json\/wp\/v2\/activity-source?post=56315"},{"taxonomy":"company-partner","embeddable":true,"href":"https:\/\/staging.curacaotodo.com\/es\/wp-json\/wp\/v2\/company-partner?post=56315"},{"taxonomy":"store","embeddable":true,"href":"https:\/\/staging.curacaotodo.com\/es\/wp-json\/wp\/v2\/store?post=56315"},{"taxonomy":"product_brand","embeddable":true,"href":"https:\/\/staging.curacaotodo.com\/es\/wp-json\/wp\/v2\/product_brand?post=56315"},{"taxonomy":"product_cat","embeddable":true,"href":"https:\/\/staging.curacaotodo.com\/es\/wp-json\/wp\/v2\/product_cat?post=56315"},{"taxonomy":"product_tag","embeddable":true,"href":"https:\/\/staging.curacaotodo.com\/es\/wp-json\/wp\/v2\/product_tag?post=56315"}],"curies":[{"name":"wp","href":"https:\/\/api.w.org\/{rel}","templated":true}]}}