{"id":55582,"date":"2024-09-05T08:37:25","date_gmt":"2024-09-05T12:37:25","guid":{"rendered":"https:\/\/curacaotodo.com\/activity\/paseos-en-barco-por-paranda-en-curazao\/"},"modified":"2025-06-06T10:22:33","modified_gmt":"2025-06-06T14:22:33","slug":"paseos-en-barco-por-paranda-en-curazao","status":"publish","type":"product","link":"https:\/\/staging.curacaotodo.com\/es\/actividad\/paseos-en-barco-por-paranda-en-curazao\/","title":{"rendered":"Paseos en barco por Paranda en Curazao"},"content":{"rendered":"<h2>Experimente un lujo inigualable con los paseos en barco por Paranda<\/h2><h3>La mejor opci\u00f3n para la exploraci\u00f3n n\u00e1utica<\/h3><p>Paranda Boat Trips se erige como el faro de los viajes en barco de lujo en Curazao, ofreciendo una experiencia inigualable en el agua. Nuestra flota de embarcaciones de alta gama no solo brinda comodidad, sino tambi\u00e9n la promesa de viajes inolvidables a trav\u00e9s de las brillantes aguas del Caribe. Los mares azules y cristalinos que rodean Curazao son nuestro patio de recreo, y con Paranda Boat Trips, tiene la oportunidad exclusiva de explorarlos como nunca antes.  <\/p><h3>Viajes a medida para cada viajero<\/h3><p>Nuestros paseos en barco est\u00e1n meticulosamente dise\u00f1ados para satisfacer sus gustos y preferencias \u00fanicos. Ya sea que busque la emoci\u00f3n de la pesca en alta mar, la serenidad de las playas solitarias o el entretenimiento animado en nuestros cruceros al <a href=\"https:\/\/staging.curacaotodo.com\/es\/actividades-acuaticas\/sunset-boat-trips\/\">atardecer<\/a>, tenemos algo especial para todos: <\/p><ul><li><strong>Aventuras de <a href=\"https:\/\/staging.curacaotodo.com\/es\/esnorquel\/\">esn\u00f3rquel<\/a>:<\/strong> Sum\u00e9rgete en el vibrante mundo bajo las olas y nada junto a la colorida vida marina en algunos de los arrecifes m\u00e1s pr\u00edstinos del Caribe.<\/li><li><strong>Charters privados<\/strong>: Personalice su itinerario para un d\u00eda de lujo en el agua, perfecto para ocasiones especiales o reuniones \u00edntimas.<\/li><li><strong>Tours culturales<\/strong>: Experimente la fusi\u00f3n de culturas con viajes costeros que destacan los lugares hist\u00f3ricos y pintorescos de Curazao.<\/li><\/ul><h3>Un testimonio de excelencia<\/h3><p>Uno de nuestros hu\u00e9spedes, John de Canad\u00e1, comparti\u00f3 su memorable experiencia: \u00abEl crucero al atardecer con Paranda Boat Trips fue lo m\u00e1s destacado de nuestras vacaciones en Curazao. La atenci\u00f3n al detalle de la tripulaci\u00f3n y las impresionantes vistas hicieron que la velada fuera inolvidable. \u00a1Fue realmente una experiencia de primera clase!\u00bb<\/p><h3>\u00bfPor qu\u00e9 elegir Paranda?<\/h3><p>Elegir Paranda Boat Trips significa optar por:<\/p><ul><li><strong>Acceso exclusivo: Descubre<\/strong> calas y playas exclusivas a las que no se puede acceder por tierra.<\/li><li><strong>Tripulaciones expertas<\/strong>: Nuestro personal capacitado y amable garantiza un viaje seguro, agradable e informativo.<\/li><li><strong>Confort de lujo: Disfrute<\/strong> de comodidades de \u00faltima generaci\u00f3n a bordo de nuestros barcos, dise\u00f1ados pensando en su comodidad.<\/li><\/ul><p>Emb\u00e1rcate en un viaje con Paranda Boat Trips, donde las maravillas de las aguas de Curazao solo son igualadas por el lujo y el servicio que brindamos. Reserve su viaje hoy y experimente lo mejor que Curazao tiene para ofrecer, desde la cubierta de un barco de lujo de primer nivel. <\/p><div class=\"flex max-w-full flex-col flex-grow\"><div data-message-author-role=\"assistant\" data-message-id=\"32510b1f-b796-4668-937a-764d879960ff\" dir=\"auto\" class=\"min-h-[20px] text-message flex w-full flex-col items-end gap-2 break-words [.text-message+&amp;]:mt-5 overflow-x-auto whitespace-normal\"><div class=\"flex w-full flex-col gap-1 empty:hidden first:pt-[3px]\"><div class=\"markdown prose w-full break-words dark:prose-invert light\"><h2>Preguntas frecuentes sobre Paranda Boat Trips<\/h2><h3>\u00bfQu\u00e9 debo llevar en un viaje en barco?<\/h3><p>A la hora de preparar tu excursi\u00f3n de lujo con Paranda Boat Trips, te recomendamos algunos elementos imprescindibles para mejorar tu experiencia:<\/p><ul><li><strong>Protecci\u00f3n solar: El<\/strong> protector solar, un sombrero y gafas de sol son cruciales bajo el sol del Caribe.<\/li><li><strong>Ropa c\u00f3moda: Ropa<\/strong> ligera y trajes de ba\u00f1o para <a href=\"https:\/\/staging.curacaotodo.com\/es\/actividades\/\">actividades<\/a> acu\u00e1ticas.<\/li><li><strong>C\u00e1mara<\/strong>: Captura los impresionantes paisajes y las maravillas submarinas.<\/li><li><strong>Toallas<\/strong>: Para secarse despu\u00e9s de nadar o bucear.<\/li><\/ul><h3>\u00bfQu\u00e9 tan seguros son los viajes en barco a Paranda?<\/h3><p>La seguridad es nuestra principal preocupaci\u00f3n. Nuestras embarcaciones est\u00e1n equipadas con las \u00faltimas tecnolog\u00edas de navegaci\u00f3n y seguridad, y nuestra tripulaci\u00f3n est\u00e1 capacitada en primeros auxilios y respuesta a emergencias. Nos aseguramos de que todo el equipo de seguridad, incluidos los chalecos salvavidas, sea f\u00e1cilmente accesible para todos los hu\u00e9spedes.  <\/p><h3>\u00bfLos viajes son aptos para ni\u00f1os?<\/h3><p>\u00a1Absolutamente! Paranda Boat Trips ofrece una variedad de actividades familiares que pueden ser disfrutadas por ni\u00f1os de todas las edades. Nos aseguramos de que nuestros hu\u00e9spedes m\u00e1s j\u00f3venes sean atendidos teniendo en cuenta la seguridad y la diversi\u00f3n, proporcionando chalecos salvavidas en varios tama\u00f1os y gu\u00edas atractivos que pueden compartir datos interesantes e historias que atraigan a los ni\u00f1os.  <\/p><h3>\u00bfPuedo personalizar mi itinerario?<\/h3><p>S\u00ed, nos enorgullecemos de crear experiencias a medida adaptadas a los deseos de nuestros hu\u00e9spedes. Ya sea una cena rom\u00e1ntica en el mar, un d\u00eda familiar lleno de actividades divertidas o un tranquilo d\u00eda de pesca, podemos organizarlo todo. Solo tienes que ponerte en contacto con nuestro equipo de reservas para hablar de tus preferencias y dejarnos dise\u00f1ar tu d\u00eda perfecto en el agua.  <\/p><h3>\u00bfQu\u00e9 hace que los paseos en barco por Paranda sean \u00fanicos?<\/h3><p>Paranda Boat Trips combina lujo, aventura y servicio personalizado para crear extraordinarias experiencias mar\u00edtimas. Nuestros viajes est\u00e1n dise\u00f1ados no solo para viajar a trav\u00e9s del agua, sino para sumergirlo en la belleza natural y la cultura de Curazao. Nuestro compromiso con la excelencia y nuestro enfoque en los viajes a medida es lo que nos diferencia en el mundo de las aventuras mar\u00edtimas de lujo.  <\/p><p>Emb\u00e1rcate en un viaje con Paranda Boat Trips para descubrir el encanto de las aguas de Curazao, acompa\u00f1ado de los m\u00e1s altos est\u00e1ndares de servicio y exclusividad. Ya sea respondiendo a la llamada del oc\u00e9ano o explorando los secretos de la costa, cada viaje con nosotros est\u00e1 dise\u00f1ado para ser un cap\u00edtulo inolvidable en su <a href=\"https:\/\/staging.curacaotodo.com\/es\/curacao-information\/history\/\">historia<\/a> de viaje. <\/p><\/div><\/div><\/div><\/div><div class=\"mt-1 flex gap-3 empty:hidden -ml-2\"><div class=\"items-center justify-start rounded-xl p-1 flex\"><div class=\"flex items-center\"><div class=\"flex items-center pb-0\"><div class=\"[&amp;_svg]:h-full [&amp;_svg]:w-full icon-md h-4 w-4\"><\/div><\/div><\/div><\/div><\/div>","protected":false},"excerpt":{"rendered":"<p>Descubra el ep\u00edtome del lujo y la exploraci\u00f3n mar\u00edtima \u00fanica con Paranda Boat Trips, su puerta de entrada a las aguas cristalinas de Curazao. Ubicado en el coraz\u00f3n del Caribe, Curazao encarna una rica mezcla de herencia holandesa y encanto caribe\u00f1o, lo que lo convierte en un destino de primer nivel para viajeros de todo el mundo que buscan relajaci\u00f3n y aventura. Paranda Boat Trips eleva esta experiencia, ofreciendo viajes a medida que revelan las escenas costeras m\u00e1s impresionantes de la isla y los tesoros marinos escondidos.  <\/p>\n","protected":false},"featured_media":55583,"comment_status":"open","ping_status":"closed","template":"","meta":{"_acf_changed":false},"activity-source":[],"company-partner":[],"store":[],"product_brand":[],"product_cat":[466],"product_tag":[4236],"class_list":{"0":"post-55582","1":"product","2":"type-product","3":"status-publish","4":"has-post-thumbnail","6":"product_cat-sin-categorizar","7":"product_tag-paranda-tours-es","9":"first","10":"instock","11":"shipping-taxable","12":"product-type-simple"},"acf":[],"_links":{"self":[{"href":"https:\/\/staging.curacaotodo.com\/es\/wp-json\/wp\/v2\/product\/55582","targetHints":{"allow":["GET"]}}],"collection":[{"href":"https:\/\/staging.curacaotodo.com\/es\/wp-json\/wp\/v2\/product"}],"about":[{"href":"https:\/\/staging.curacaotodo.com\/es\/wp-json\/wp\/v2\/types\/product"}],"replies":[{"embeddable":true,"href":"https:\/\/staging.curacaotodo.com\/es\/wp-json\/wp\/v2\/comments?post=55582"}],"wp:featuredmedia":[{"embeddable":true,"href":"https:\/\/staging.curacaotodo.com\/es\/wp-json\/wp\/v2\/media\/55583"}],"wp:attachment":[{"href":"https:\/\/staging.curacaotodo.com\/es\/wp-json\/wp\/v2\/media?parent=55582"}],"wp:term":[{"taxonomy":"activity-source","embeddable":true,"href":"https:\/\/staging.curacaotodo.com\/es\/wp-json\/wp\/v2\/activity-source?post=55582"},{"taxonomy":"company-partner","embeddable":true,"href":"https:\/\/staging.curacaotodo.com\/es\/wp-json\/wp\/v2\/company-partner?post=55582"},{"taxonomy":"store","embeddable":true,"href":"https:\/\/staging.curacaotodo.com\/es\/wp-json\/wp\/v2\/store?post=55582"},{"taxonomy":"product_brand","embeddable":true,"href":"https:\/\/staging.curacaotodo.com\/es\/wp-json\/wp\/v2\/product_brand?post=55582"},{"taxonomy":"product_cat","embeddable":true,"href":"https:\/\/staging.curacaotodo.com\/es\/wp-json\/wp\/v2\/product_cat?post=55582"},{"taxonomy":"product_tag","embeddable":true,"href":"https:\/\/staging.curacaotodo.com\/es\/wp-json\/wp\/v2\/product_tag?post=55582"}],"curies":[{"name":"wp","href":"https:\/\/api.w.org\/{rel}","templated":true}]}}