{"id":56969,"date":"2024-04-24T10:55:41","date_gmt":"2024-04-24T10:55:41","guid":{"rendered":"https:\/\/curacaotodo.com\/privacy-policy\/"},"modified":"2025-07-23T06:14:32","modified_gmt":"2025-07-23T10:14:32","slug":"privacy-policy","status":"publish","type":"page","link":"https:\/\/staging.curacaotodo.com\/es\/privacy-policy\/","title":{"rendered":"Pol\u00edtica de privacidad"},"content":{"rendered":"<h1><strong>Pol\u00edtica de privacidad<\/strong><\/h1>\n<p>Hemos creado esta Pol\u00edtica de privacidad para que comprenda c\u00f3mo y por qu\u00e9 recopilamos su informaci\u00f3n personal. Para qu\u00e9 lo usaremos y no lo usaremos y c\u00f3mo protegemos sus datos personales. Utilizamos su informaci\u00f3n personal para crear la mejor experiencia de usuario para usted. Cuando se registre en CuracaoTodo.com necesitaremos cierta informaci\u00f3n personal como su nombre y direcci\u00f3n de correo electr\u00f3nico para comprar un servicio en particular en nuestro sitio web.   <\/p>\n<h2>Tu contrase\u00f1a<\/h2>\n<p>Su contrase\u00f1a se crea escribiendo una contrase\u00f1a que elija para usted. La contrase\u00f1a se guarda en nuestros servidores de forma encriptada. Nuestro equipo no puede leer, ver ni editar su contrase\u00f1a. Cuando haya olvidado su contrase\u00f1a, podr\u00e1 crear una nueva haciendo clic en un enlace en el correo electr\u00f3nico que le proporcionamos o en el sitio web en el departamento de inicio de sesi\u00f3n. Esta nueva contrase\u00f1a nuevamente se guarda encriptada de forma segura. No venderemos ninguno de sus datos personales a terceros Muchas empresas hacen de su modelo de negocio vender o adquirir datos personales de grupos de consumidores con fines de marketing.     <\/p>\n<p>Tenga la seguridad de que CuracaoTodo no vender\u00e1 sus datos personales a terceros por ning\u00fan motivo. Su informaci\u00f3n personal consiste en todos los detalles que nos proporciona en nuestro sitio web, canales de redes sociales, por correo electr\u00f3nico y a trav\u00e9s de nuestros socios. <\/p>\n<h2>Cookies<\/h2>\n<p>Las cookies se utilizan para brindarle la mejor experiencia posible en nuestra(s) plataforma(s). Por ejemplo, guardando sus preferencias, para saber c\u00f3mo utiliza nuestro sitio web y para ofrecerle informaci\u00f3n personalizada seg\u00fan sus intereses. Haga clic en cualquier enlace de nuestro sitio web para confirmar que est\u00e1 de acuerdo con la colocaci\u00f3n y el uso de cookies.  <\/p>\n","protected":false},"excerpt":{"rendered":"<p>Pol\u00edtica de privacidad Hemos creado esta Pol\u00edtica de privacidad para que comprenda c\u00f3mo y por qu\u00e9 recopilamos su informaci\u00f3n personal. Para qu\u00e9 lo usaremos y no lo usaremos y c\u00f3mo protegemos sus datos personales. Utilizamos su informaci\u00f3n personal para crear la mejor experiencia de usuario para usted. Cuando se registre en CuracaoTodo.com necesitaremos cierta informaci\u00f3n [&hellip;]<\/p>\n","protected":false},"author":1,"featured_media":0,"parent":0,"menu_order":0,"comment_status":"closed","ping_status":"closed","template":"","meta":{"_acf_changed":false,"footnotes":""},"class_list":["post-56969","page","type-page","status-publish","hentry"],"acf":[],"_links":{"self":[{"href":"https:\/\/staging.curacaotodo.com\/es\/wp-json\/wp\/v2\/pages\/56969","targetHints":{"allow":["GET"]}}],"collection":[{"href":"https:\/\/staging.curacaotodo.com\/es\/wp-json\/wp\/v2\/pages"}],"about":[{"href":"https:\/\/staging.curacaotodo.com\/es\/wp-json\/wp\/v2\/types\/page"}],"author":[{"embeddable":true,"href":"https:\/\/staging.curacaotodo.com\/es\/wp-json\/wp\/v2\/users\/1"}],"replies":[{"embeddable":true,"href":"https:\/\/staging.curacaotodo.com\/es\/wp-json\/wp\/v2\/comments?post=56969"}],"version-history":[{"count":0,"href":"https:\/\/staging.curacaotodo.com\/es\/wp-json\/wp\/v2\/pages\/56969\/revisions"}],"wp:attachment":[{"href":"https:\/\/staging.curacaotodo.com\/es\/wp-json\/wp\/v2\/media?parent=56969"}],"curies":[{"name":"wp","href":"https:\/\/api.w.org\/{rel}","templated":true}]}}