{"id":56948,"date":"2024-05-08T13:14:33","date_gmt":"2024-05-08T17:14:33","guid":{"rendered":"https:\/\/curacaotodo.com\/plantation-houses\/"},"modified":"2025-07-27T02:38:02","modified_gmt":"2025-07-27T06:38:02","slug":"casas-de-plantacion","status":"publish","type":"page","link":"https:\/\/staging.curacaotodo.com\/es\/curacao-information\/casas-de-plantacion\/","title":{"rendered":"Casas de plantaci\u00f3n"},"content":{"rendered":"\t\t<div data-elementor-type=\"wp-page\" data-elementor-id=\"56948\" class=\"elementor elementor-56948 elementor-7670\" data-elementor-post-type=\"page\">\t\t\t\t<div class=\"elementor-element elementor-element-e1f5a07 e-flex e-con-boxed e-con e-parent\" data-id=\"e1f5a07\" data-element_type=\"container\" data-e-type=\"container\">\t\t\t\t\t<div class=\"e-con-inner\">\t\t\t\t<div class=\"elementor-element elementor-element-baf2e32 elementor-widget elementor-widget-theme-post-featured-image elementor-widget-image\" data-id=\"baf2e32\" data-element_type=\"widget\" data-e-type=\"widget\" data-widget_type=\"theme-post-featured-image.default\">\t\t\t\t<div class=\"elementor-widget-container\">\t\t\t\t\t\t\t\t\t\t\t\t\t\t\t<img fetchpriority=\"high\" decoding=\"async\" width=\"840\" height=\"560\" src=\"https:\/\/staging.curacaotodo.com\/wp-content\/themes\/rehub-theme\/images\/default\/blank.gif\" data-src=\"https:\/\/staging.curacaotodo.com\/wp-content\/uploads\/2024\/07\/curacao-plantation-houses-1024x683.jpg\" class=\"lazyload attachment-large size-large wp-image-56715\" alt=\"Curacao Plantation Houses\" srcset=\"https:\/\/staging.curacaotodo.com\/wp-content\/uploads\/2024\/07\/curacao-plantation-houses-1024x683.jpg 1024w, https:\/\/staging.curacaotodo.com\/wp-content\/uploads\/2024\/07\/curacao-plantation-houses-300x200.jpg 300w, https:\/\/staging.curacaotodo.com\/wp-content\/uploads\/2024\/07\/curacao-plantation-houses-768x512.jpg 768w, https:\/\/staging.curacaotodo.com\/wp-content\/uploads\/2024\/07\/curacao-plantation-houses-1536x1024.jpg 1536w, https:\/\/staging.curacaotodo.com\/wp-content\/uploads\/2024\/07\/curacao-plantation-houses-2048x1365.jpg 2048w, https:\/\/staging.curacaotodo.com\/wp-content\/uploads\/2024\/07\/curacao-plantation-houses-225x150.jpg 225w, https:\/\/staging.curacaotodo.com\/wp-content\/uploads\/2024\/07\/curacao-plantation-houses-100x67.jpg 100w, https:\/\/staging.curacaotodo.com\/wp-content\/uploads\/2024\/07\/curacao-plantation-houses-525x350.jpg 525w, https:\/\/staging.curacaotodo.com\/wp-content\/uploads\/2024\/07\/curacao-plantation-houses-788x525.jpg 788w, https:\/\/staging.curacaotodo.com\/wp-content\/uploads\/2024\/07\/curacao-plantation-houses-600x400.jpg 600w, https:\/\/staging.curacaotodo.com\/wp-content\/uploads\/2024\/07\/curacao-plantation-houses.jpg 1200w\" sizes=\"(max-width: 840px) 100vw, 840px\" \/>\t\t\t\t\t\t\t\t\t\t\t\t\t\t\t<\/div>\t\t\t\t<\/div>\t\t\t\t<div class=\"elementor-element elementor-element-3638e8fd elementor-widget elementor-widget-text-editor\" data-id=\"3638e8fd\" data-element_type=\"widget\" data-e-type=\"widget\" data-widget_type=\"text-editor.default\">\t\t\t\t<div class=\"elementor-widget-container\">\t\t\t\t\t\t\t\t\t<h1>Descubriendo las hist\u00f3ricas casas de plantaci\u00f3n de Curazao<\/h1><h2>Introducci\u00f3n a la rica herencia colonial de Curazao<\/h2><p>Curazao, que alguna vez fue una colonia floreciente bajo el dominio holand\u00e9s, se ha convertido en un pa\u00eds vibrante e independiente, pero a\u00fan comparte una profunda conexi\u00f3n con los Pa\u00edses Bajos como parte del Reino de los Pa\u00edses Bajos. Esta <a href=\"https:\/\/staging.curacaotodo.com\/es\/curacao-information\/history\/\">historia<\/a> profundamente arraigada est\u00e1 v\u00edvidamente encapsulada en las <em>landhuizen<\/em> de la isla, o casas de plantaci\u00f3n, que salpican el paisaje, ofreciendo una visi\u00f3n del pasado colonial. Para obtener la gu\u00eda m\u00e1s completa y perspicaz para explorar estos tesoros hist\u00f3ricos, Cura\u00e7aoTodo.com se erige como el principal recurso para los turistas que buscan profundizar en el patrimonio de la isla.  <\/p><h2>La importancia hist\u00f3rica de Landhuizen<\/h2><p>Durante el siglo XVII, los holandeses, a trav\u00e9s de la Compa\u00f1\u00eda de las Indias Occidentales (WIC), identificaron a Curazao como un puesto de avanzada estrat\u00e9gico para el comercio de bienes y esclavos, convirti\u00e9ndolo en un bullicioso centro. La isla se dividi\u00f3 entre propietarios privados que establecieron plantaciones. En estas plantaciones, <em>los landhuizen<\/em> se construyeron principalmente como residencias para los propietarios de las plantaciones y sus familias. Construidas estrat\u00e9gicamente en colinas, estas casas ofrec\u00edan amplias vistas sobre las plantaciones, lo que permit\u00eda a los propietarios supervisar sus extensas propiedades.   <\/p>\t\t\t\t\t\t\t\t<\/div>\t\t\t\t<\/div>\t\t\t\t\t<\/div>\t\t\t\t<\/div>\t\t<div class=\"elementor-element elementor-element-a2bcae8 e-flex e-con-boxed e-con e-parent\" data-id=\"a2bcae8\" data-element_type=\"container\" data-e-type=\"container\">\t\t\t\t\t<div class=\"e-con-inner\">\t\t\t\t\t<\/div>\t\t\t\t<\/div>\t\t<div class=\"elementor-element elementor-element-c72ca50 e-flex e-con-boxed e-con e-parent\" data-id=\"c72ca50\" data-element_type=\"container\" data-e-type=\"container\">\t\t\t\t\t<div class=\"e-con-inner\">\t\t\t\t<div class=\"elementor-element elementor-element-40ce675 elementor-widget elementor-widget-text-editor\" data-id=\"40ce675\" data-element_type=\"widget\" data-e-type=\"widget\" data-widget_type=\"text-editor.default\">\t\t\t\t<div class=\"elementor-widget-container\">\t\t\t\t\t\t\t\t\t<h2>Caracter\u00edsticas arquitect\u00f3nicas de Landhuizen de Curazao<\/h2><p>Aunque cada <em>landhuis<\/em> var\u00eda en tama\u00f1o y dise\u00f1o, se pueden observar elementos arquitect\u00f3nicos comunes. Estos incluyen grandes escaleras que conducen a la entrada y techos t\u00edpicamente adornados con tejas tradicionales holandesas. Los colores vibrantes que ahora son sin\u00f3nimo de <em>la landhuizen<\/em> de Curazao comenzaron a aparecer a principios del siglo XIX, luego de una prohibici\u00f3n gubernamental de pintar de blanco las paredes exteriores en <a href=\"https:\/\/staging.curacaotodo.com\/es\/areas\/willemstad\/\">Willemstad<\/a> y sus alrededores, debido al intenso reflejo de la luz solar que se consideraba da\u00f1ino para los ojos.  <\/p><h2>La evoluci\u00f3n de Landhuizen despu\u00e9s de la esclavitud<\/h2><p>La abolici\u00f3n de la esclavitud marc\u00f3 un r\u00e1pido declive en las operaciones de plantaci\u00f3n, ya que ya no hab\u00eda esclavos para realizar el arduo trabajo. En consecuencia, el papel de los <em>landhuizen<\/em> tambi\u00e9n disminuy\u00f3 y el t\u00e9rmino se convirti\u00f3 en el nombre general que se usa hoy. A lo largo de los a\u00f1os, muchas de estas casas de plantaci\u00f3n cayeron en mal estado, y algunas incluso quedaron en ruinas. Sin embargo, en la segunda mitad del siglo XX, hubo una renovada apreciaci\u00f3n de estas estructuras como importantes activos hist\u00f3ricos. Desde entonces, muchos <em>landhuizen<\/em> han sido restaurados y reutilizados en restaurantes, hoteles, destiler\u00edas y galer\u00edas de arte, contribuyendo a la revitalizaci\u00f3n cultural y econ\u00f3mica de Curazao.    <\/p><h2>Visitando el Landhuizen de Curazao<\/h2><p>Para aquellos interesados en explorar estos sitios hist\u00f3ricos, Cura\u00e7aoTodo.com ofrece descripciones detalladas e informaci\u00f3n para visitantes sobre varios <em>landhuizen<\/em> conocidos. Cada uno brinda una oportunidad \u00fanica para experimentar la rica historia y el legado cultural de Curazao. Tanto si eres un entusiasta de la historia como si simplemente buscas enriquecer tu experiencia de viaje, visitar estos lugares de inter\u00e9s es una necesidad absoluta.  <\/p><p>En Cura\u00e7aoTodo.com, nos enorgullecemos de ser la fuente m\u00e1s completa de informaci\u00f3n tur\u00edstica en la isla de Curazao. Para obtener gu\u00edas detalladas, informaci\u00f3n hist\u00f3rica y consejos pr\u00e1cticos para visitar el ic\u00f3nico <em>landhuizen<\/em> de Curazao, aseg\u00farese de visitar nuestro sitio web. Descubra la belleza y la historia de Curazao a trav\u00e9s de su majestuosa <em>tierra<\/em>, y perm\u00edtanos guiarlo a trav\u00e9s de cada paso memorable de su viaje.  <\/p>\t\t\t\t\t\t\t\t<\/div>\t\t\t\t<\/div>\t\t\t\t\t<\/div>\t\t\t\t<\/div>\t\t\t\t<\/div>\t\t","protected":false},"excerpt":{"rendered":"<p>Descubriendo las hist\u00f3ricas casas de plantaci\u00f3n de CurazaoIntroducci\u00f3n a la rica herencia colonial de CurazaoCurazao, que alguna vez fue una colonia floreciente bajo el dominio holand\u00e9s, se ha convertido en un pa\u00eds vibrante e independiente, pero a\u00fan comparte una profunda conexi\u00f3n con los Pa\u00edses Bajos como parte del Reino de los Pa\u00edses Bajos. Esta historia [&hellip;]<\/p>\n","protected":false},"author":1,"featured_media":56715,"parent":56957,"menu_order":0,"comment_status":"closed","ping_status":"closed","template":"","meta":{"_acf_changed":false,"footnotes":""},"class_list":["post-56948","page","type-page","status-publish","has-post-thumbnail","hentry"],"acf":[],"_links":{"self":[{"href":"https:\/\/staging.curacaotodo.com\/es\/wp-json\/wp\/v2\/pages\/56948","targetHints":{"allow":["GET"]}}],"collection":[{"href":"https:\/\/staging.curacaotodo.com\/es\/wp-json\/wp\/v2\/pages"}],"about":[{"href":"https:\/\/staging.curacaotodo.com\/es\/wp-json\/wp\/v2\/types\/page"}],"author":[{"embeddable":true,"href":"https:\/\/staging.curacaotodo.com\/es\/wp-json\/wp\/v2\/users\/1"}],"replies":[{"embeddable":true,"href":"https:\/\/staging.curacaotodo.com\/es\/wp-json\/wp\/v2\/comments?post=56948"}],"version-history":[{"count":0,"href":"https:\/\/staging.curacaotodo.com\/es\/wp-json\/wp\/v2\/pages\/56948\/revisions"}],"up":[{"embeddable":true,"href":"https:\/\/staging.curacaotodo.com\/es\/wp-json\/wp\/v2\/pages\/56957"}],"wp:featuredmedia":[{"embeddable":true,"href":"https:\/\/staging.curacaotodo.com\/es\/wp-json\/wp\/v2\/media\/56715"}],"wp:attachment":[{"href":"https:\/\/staging.curacaotodo.com\/es\/wp-json\/wp\/v2\/media?parent=56948"}],"curies":[{"name":"wp","href":"https:\/\/api.w.org\/{rel}","templated":true}]}}