{"id":56940,"date":"2024-06-07T09:29:53","date_gmt":"2024-06-07T09:29:53","guid":{"rendered":"https:\/\/curacaotodo.com\/online-tourguide\/"},"modified":"2025-07-23T06:15:41","modified_gmt":"2025-07-23T10:15:41","slug":"online-tourguide","status":"publish","type":"page","link":"https:\/\/staging.curacaotodo.com\/es\/online-tourguide\/","title":{"rendered":"Gu\u00eda tur\u00edstica en l\u00ednea"},"content":{"rendered":"","protected":false},"excerpt":{"rendered":"","protected":false},"author":1,"featured_media":0,"parent":0,"menu_order":2,"comment_status":"closed","ping_status":"closed","template":"","meta":{"_acf_changed":false,"footnotes":""},"class_list":["post-56940","page","type-page","status-publish","hentry"],"acf":[],"_links":{"self":[{"href":"https:\/\/staging.curacaotodo.com\/es\/wp-json\/wp\/v2\/pages\/56940","targetHints":{"allow":["GET"]}}],"collection":[{"href":"https:\/\/staging.curacaotodo.com\/es\/wp-json\/wp\/v2\/pages"}],"about":[{"href":"https:\/\/staging.curacaotodo.com\/es\/wp-json\/wp\/v2\/types\/page"}],"author":[{"embeddable":true,"href":"https:\/\/staging.curacaotodo.com\/es\/wp-json\/wp\/v2\/users\/1"}],"replies":[{"embeddable":true,"href":"https:\/\/staging.curacaotodo.com\/es\/wp-json\/wp\/v2\/comments?post=56940"}],"version-history":[{"count":0,"href":"https:\/\/staging.curacaotodo.com\/es\/wp-json\/wp\/v2\/pages\/56940\/revisions"}],"wp:attachment":[{"href":"https:\/\/staging.curacaotodo.com\/es\/wp-json\/wp\/v2\/media?parent=56940"}],"curies":[{"name":"wp","href":"https:\/\/api.w.org\/{rel}","templated":true}]}}