{"id":56928,"date":"2024-06-17T12:28:54","date_gmt":"2024-06-17T16:28:54","guid":{"rendered":"https:\/\/curacaotodo.com\/geography\/"},"modified":"2025-07-23T06:16:42","modified_gmt":"2025-07-23T10:16:42","slug":"geography","status":"publish","type":"page","link":"https:\/\/staging.curacaotodo.com\/es\/curacao-information\/geography\/","title":{"rendered":"Geograf\u00eda"},"content":{"rendered":"\t\t<div data-elementor-type=\"wp-page\" data-elementor-id=\"56928\" class=\"elementor elementor-56928 elementor-24341\" data-elementor-post-type=\"page\">\t\t\t\t<div class=\"elementor-element elementor-element-a999311 e-flex e-con-boxed e-con e-parent\" data-id=\"a999311\" data-element_type=\"container\" data-e-type=\"container\">\t\t\t\t\t<div class=\"e-con-inner\">\t\t<div class=\"elementor-element elementor-element-f7d3bfc e-con-full e-flex e-con e-child\" data-id=\"f7d3bfc\" data-element_type=\"container\" data-e-type=\"container\" data-settings=\"{&quot;background_background&quot;:&quot;classic&quot;}\">\t\t\t\t<div class=\"elementor-element elementor-element-2d635ee elementor-widget elementor-widget-image\" data-id=\"2d635ee\" data-element_type=\"widget\" data-e-type=\"widget\" data-widget_type=\"image.default\">\t\t\t\t<div class=\"elementor-widget-container\">\t\t\t\t\t\t\t\t\t\t\t\t\t\t\t<img fetchpriority=\"high\" decoding=\"async\" width=\"1900\" height=\"1001\" src=\"https:\/\/staging.curacaotodo.com\/wp-content\/themes\/rehub-theme\/images\/default\/blank.gif\" data-src=\"https:\/\/staging.curacaotodo.com\/wp-content\/uploads\/2024\/06\/Geography-curacao.jpg\" class=\"lazyload attachment-full size-full wp-image-24347\" alt=\"https:\/\/staging.curacaotodo.com\/papiamentu-lessons\/\" srcset=\"https:\/\/staging.curacaotodo.com\/wp-content\/uploads\/2024\/06\/Geography-curacao.jpg 1900w, https:\/\/staging.curacaotodo.com\/wp-content\/uploads\/2024\/06\/Geography-curacao-300x158.jpg 300w, https:\/\/staging.curacaotodo.com\/wp-content\/uploads\/2024\/06\/Geography-curacao-1024x539.jpg 1024w, https:\/\/staging.curacaotodo.com\/wp-content\/uploads\/2024\/06\/Geography-curacao-767x404.jpg 767w, https:\/\/staging.curacaotodo.com\/wp-content\/uploads\/2024\/06\/Geography-curacao-1536x809.jpg 1536w, https:\/\/staging.curacaotodo.com\/wp-content\/uploads\/2024\/06\/Geography-curacao-2048x1079.jpg 2048w, https:\/\/staging.curacaotodo.com\/wp-content\/uploads\/2024\/06\/Geography-curacao-285x150.jpg 285w, https:\/\/staging.curacaotodo.com\/wp-content\/uploads\/2024\/06\/Geography-curacao-100x53.jpg 100w, https:\/\/staging.curacaotodo.com\/wp-content\/uploads\/2024\/06\/Geography-curacao-664x350.jpg 664w, https:\/\/staging.curacaotodo.com\/wp-content\/uploads\/2024\/06\/Geography-curacao-788x415.jpg 788w, https:\/\/staging.curacaotodo.com\/wp-content\/uploads\/2024\/06\/Geography-curacao-600x316.jpg 600w\" sizes=\"(max-width: 1900px) 100vw, 1900px\" \/>\t\t\t\t\t\t\t\t\t\t\t\t\t\t\t<\/div>\t\t\t\t<\/div>\t\t\t\t<\/div>\t\t<div class=\"elementor-element elementor-element-ed91326 e-flex e-con-boxed e-con e-child\" data-id=\"ed91326\" data-element_type=\"container\" data-e-type=\"container\">\t\t\t\t\t<div class=\"e-con-inner\">\t\t\t\t<div class=\"elementor-element elementor-element-f7b4549 elementor-widget elementor-widget-text-editor\" data-id=\"f7b4549\" data-element_type=\"widget\" data-e-type=\"widget\" data-widget_type=\"text-editor.default\">\t\t\t\t<div class=\"elementor-widget-container\">\t\t\t\t\t\t\t\t\t<p>La geograf\u00eda de Curazao es una mezcla cautivadora de diversos paisajes que hacen de esta isla una verdadera joya caribe\u00f1a. Ubicado frente a la costa de Venezuela, Curazao cuenta con una costa impresionante con playas v\u00edrgenes, calas escondidas y acantilados espectaculares. El interior de la isla es igualmente encantador, con colinas onduladas, flora vibrante y formaciones geol\u00f3gicas \u00fanicas como las cuevas de Hato. <a href=\"https:\/\/curacaotodo.com\/es\/areas\/willemstad\/\" target=\"_blank\" rel=\"noopener noreferrer nofollow\">La ciudad capital, Willemstad,<\/a> se extiende a ambos lados de un puerto natural, creando un entorno pintoresco con su colorida arquitectura colonial. Ya sea que est\u00e9 explorando el terreno accidentado del <a href=\"https:\/\/curacaotodo.com\/es\/nature-parks\/national-parks\/\" target=\"_blank\" rel=\"noopener noreferrer nofollow\">Parque Nacional Christoffel,<\/a> buceando en las aguas cristalinas de sus arrecifes de coral o disfrutando de la serena belleza de las salinas y los manglares, la geograf\u00eda de Curazao ofrece un rico tapiz de maravillas naturales. Este entorno diverso no solo proporciona un impresionante tel\u00f3n de fondo para <a href=\"https:\/\/staging.curacaotodo.com\/es\/actividades\/\">actividades<\/a> al aire libre, sino que tambi\u00e9n alberga una amplia gama de vida silvestre, lo que lo convierte en un para\u00edso para los amantes de la naturaleza y los aventureros por igual. Descubra la mezcla \u00fanica de paisajes que hacen de Curazao un destino inolvidable, donde cada rinc\u00f3n revela un nuevo aspecto de su encantadora geograf\u00eda.     <\/p>\t\t\t\t\t\t\t\t<\/div>\t\t\t\t<\/div>\t\t\t\t\t<\/div>\t\t\t\t<\/div>\t\t\t\t\t<\/div>\t\t\t\t<\/div>\t\t<div class=\"elementor-element elementor-element-2dfbb08 e-flex e-con-boxed e-con e-parent\" data-id=\"2dfbb08\" data-element_type=\"container\" data-e-type=\"container\">\t\t\t\t\t<div class=\"e-con-inner\">\t\t\t\t<div class=\"elementor-element elementor-element-ddda841 elementor-widget elementor-widget-heading\" data-id=\"ddda841\" data-element_type=\"widget\" data-e-type=\"widget\" data-widget_type=\"heading.default\">\t\t\t\t<div class=\"elementor-widget-container\">\t\t\t\t\t<h2 class=\"elementor-heading-title elementor-size-default\">M\u00e1s informaci\u00f3n sobre la geograf\u00eda de Curazao<\/h2>\t\t\t\t<\/div>\t\t\t\t<\/div>\t\t\t\t\t<\/div>\t\t\t\t<\/div>\t\t<div class=\"elementor-element elementor-element-555cc9a e-flex e-con-boxed e-con e-parent\" data-id=\"555cc9a\" data-element_type=\"container\" data-e-type=\"container\">\t\t\t\t\t<div class=\"e-con-inner\">\t\t\t\t<div class=\"elementor-element elementor-element-5abe656 elementor-widget elementor-widget-template\" data-id=\"5abe656\" data-element_type=\"widget\" data-e-type=\"widget\" data-widget_type=\"template.default\">\t\t\t\t<div class=\"elementor-widget-container\">\t\t\t\t\t\t\t<div class=\"elementor-template\">\t\t\t\t\t<div data-elementor-type=\"section\" data-elementor-id=\"57401\" class=\"elementor elementor-57401 elementor-21043 elementor-21043\" data-elementor-post-type=\"elementor_library\">\t\t\t<div class=\"elementor-element elementor-element-d372122 e-flex e-con-boxed e-con e-parent\" data-id=\"d372122\" data-element_type=\"container\" data-e-type=\"container\" data-settings=\"{&quot;background_background&quot;:&quot;classic&quot;}\">\t\t\t\t\t<div class=\"e-con-inner\">\t\t<div class=\"elementor-element elementor-element-eca91d9 e-flex e-con-boxed e-con e-child\" data-id=\"eca91d9\" data-element_type=\"container\" data-e-type=\"container\" data-settings=\"{&quot;background_background&quot;:&quot;classic&quot;}\">\t\t\t\t\t<div class=\"e-con-inner\">\t\t\t\t<div class=\"elementor-element elementor-element-68bf54a elementor-widget elementor-widget-spacer\" data-id=\"68bf54a\" data-element_type=\"widget\" data-e-type=\"widget\" data-widget_type=\"spacer.default\">\t\t\t\t<div class=\"elementor-widget-container\">\t\t\t\t\t\t\t<div class=\"elementor-spacer\">\t\t\t<div class=\"elementor-spacer-inner\"><\/div>\t\t<\/div>\t\t\t\t\t\t<\/div>\t\t\t\t<\/div>\t\t\t\t<div class=\"elementor-element elementor-element-86c2740 elementor-widget-mobile__width-initial elementor-widget elementor-widget-heading\" data-id=\"86c2740\" data-element_type=\"widget\" data-e-type=\"widget\" data-widget_type=\"heading.default\">\t\t\t\t<div class=\"elementor-widget-container\">\t\t\t\t\t<h2 class=\"elementor-heading-title elementor-size-default\">Aprovecha al m\u00e1ximo tus vacaciones<\/h2>\t\t\t\t<\/div>\t\t\t\t<\/div>\t\t\t\t<div class=\"elementor-element elementor-element-0eaa4fc elementor-align-right elementor-widget-mobile__width-initial elementor-widget elementor-widget-button\" data-id=\"0eaa4fc\" data-element_type=\"widget\" data-e-type=\"widget\" data-widget_type=\"button.default\">\t\t\t\t<div class=\"elementor-widget-container\">\t\t\t\t\t\t\t\t\t<div class=\"elementor-button-wrapper\">\t\t\t\t\t<a class=\"elementor-button elementor-button-link elementor-size-sm\" href=\"https:\/\/curacaotodo.com\/activities\/\" target=\"_blank\" rel=\"noopener noreferrer nofollow\">\n\t\t\t\t\t\t<span class=\"elementor-button-content-wrapper\">\n\t\t\t\t\t\t\t\t\t<span class=\"elementor-button-text\">Descubre todas las actividades en Cura\u00e7ao<\/span>\n\t\t\t\t\t<\/span>\n\t\t\t\t\t<\/a>\t\t\t\t<\/div>\t\t\t\t\t\t\t\t<\/div>\t\t\t\t<\/div>\t\t\t\t<div class=\"elementor-element elementor-element-55fe2db elementor-widget elementor-widget-spacer\" data-id=\"55fe2db\" data-element_type=\"widget\" data-e-type=\"widget\" data-widget_type=\"spacer.default\">\t\t\t\t<div class=\"elementor-widget-container\">\t\t\t\t\t\t\t<div class=\"elementor-spacer\">\t\t\t<div class=\"elementor-spacer-inner\"><\/div>\t\t<\/div>\t\t\t\t\t\t<\/div>\t\t\t\t<\/div>\t\t\t\t\t<\/div>\t\t\t\t<\/div>\t\t\t\t\t<\/div>\t\t\t\t<\/div>\t\t\t\t<\/div>\t\t\t\t<\/div>\t\t\t\t\t\t<\/div>\t\t\t\t<\/div>\t\t\t\t\t<\/div>\t\t\t\t<\/div>\t\t\t\t<\/div>\t\t","protected":false},"excerpt":{"rendered":"<p>La geograf\u00eda de Curazao es una mezcla cautivadora de diversos paisajes que hacen de esta isla una verdadera joya caribe\u00f1a. Ubicado frente a la costa de Venezuela, Curazao cuenta con una costa impresionante con playas v\u00edrgenes, calas escondidas y acantilados espectaculares. El interior de la isla es igualmente encantador, con colinas onduladas, flora vibrante y [&hellip;]<\/p>\n","protected":false},"author":1,"featured_media":24347,"parent":56957,"menu_order":15,"comment_status":"closed","ping_status":"closed","template":"","meta":{"_acf_changed":false,"footnotes":""},"class_list":["post-56928","page","type-page","status-publish","has-post-thumbnail","hentry"],"acf":[],"_links":{"self":[{"href":"https:\/\/staging.curacaotodo.com\/es\/wp-json\/wp\/v2\/pages\/56928","targetHints":{"allow":["GET"]}}],"collection":[{"href":"https:\/\/staging.curacaotodo.com\/es\/wp-json\/wp\/v2\/pages"}],"about":[{"href":"https:\/\/staging.curacaotodo.com\/es\/wp-json\/wp\/v2\/types\/page"}],"author":[{"embeddable":true,"href":"https:\/\/staging.curacaotodo.com\/es\/wp-json\/wp\/v2\/users\/1"}],"replies":[{"embeddable":true,"href":"https:\/\/staging.curacaotodo.com\/es\/wp-json\/wp\/v2\/comments?post=56928"}],"version-history":[{"count":0,"href":"https:\/\/staging.curacaotodo.com\/es\/wp-json\/wp\/v2\/pages\/56928\/revisions"}],"up":[{"embeddable":true,"href":"https:\/\/staging.curacaotodo.com\/es\/wp-json\/wp\/v2\/pages\/56957"}],"wp:featuredmedia":[{"embeddable":true,"href":"https:\/\/staging.curacaotodo.com\/es\/wp-json\/wp\/v2\/media\/24347"}],"wp:attachment":[{"href":"https:\/\/staging.curacaotodo.com\/es\/wp-json\/wp\/v2\/media?parent=56928"}],"curies":[{"name":"wp","href":"https:\/\/api.w.org\/{rel}","templated":true}]}}