{"id":20657,"date":"2024-05-08T11:39:40","date_gmt":"2024-05-08T15:39:40","guid":{"rendered":"https:\/\/curacaotodo.com\/quienes-somos\/"},"modified":"2025-07-23T06:15:11","modified_gmt":"2025-07-23T10:15:11","slug":"about-us","status":"publish","type":"page","link":"https:\/\/staging.curacaotodo.com\/es\/about-us\/","title":{"rendered":"Qui\u00e9nes somos"},"content":{"rendered":"<h2>\u00a1Una visi\u00f3n completa! Por fin&#8230;<\/h2><p>T\u00e9cnicamente se podr\u00eda decir que nuestra declaraci\u00f3n de objetivos es ofrecer la <b><br \/>  <strong>primer<\/strong><br \/><\/b> <b><br \/>  <strong>listado completo y consultable, una visi\u00f3n general y la mejor informaci\u00f3n<\/strong><br \/><\/b> sobre todas las <a href=\"https:\/\/staging.curacaotodo.com\/activities\/\">Actividades<\/a>, <a href=\"https:\/\/staging.curacaotodo.com\/es\/deals\/\">Ofertas<\/a> y <a href=\"https:\/\/staging.curacaotodo.com\/store-listing\/\">Empresas<\/a> de la isla de Cura\u00e7ao.<\/p><p>Te ofrecemos todo lo que necesitas para encontrar las mejores <a href=\"https:\/\/staging.curacaotodo.com\/es\/actividades\/\">actividades<\/a> y lugares que har\u00e1n que tu estancia pase de genial a perfecta. Tanto si buscas \u00ablo mejor\u00bb, \u00abla mejor relaci\u00f3n calidad-precio\u00bb, \u00ablo m\u00e1s cercano\u00bb o un servicio adicional espec\u00edfico. Como los restaurantes que ofrecen Wifi gratis, una escuela de buceo que puede venir a recogerte, o las empresas que tienen experiencia en acoger y facilitar bodas.<\/p><p>Comparar\u00e1s descripciones claras, opiniones de usuarios, fotos, v\u00eddeos y todas las facilidades que ofrecen las empresas. \u00a1As\u00ed encontrar\u00e1s las mejores actividades para ti, tus amigos, tu familia y tus hijos!<\/p><p>Tambi\u00e9n queremos que <b><br \/>  <strong>ahorres dinero<\/strong><br \/><\/b>\u00a1! Esto lo conseguimos ofreciendo <a href=\"https:\/\/staging.curacaotodo.com\/es\/deals\/\">ofertas para todo tipo de actividades<\/a>. \u00a1Recibe descuentos o consigue algo extra haciendo una reserva online!<\/p><p>\u00bfNo te apetece buscarte a ti mismo? Suscr\u00edbete a nuestro <a href=\"https:\/\/staging.curacaotodo.com\/es\/online-tourguide\/\">Bolet\u00edn de Actividades Diarias<\/a> y recibir\u00e1s las mejores actividades, ofertas y horas felices de hoy todas las ma\u00f1anas en tu buz\u00f3n de correo electr\u00f3nico. Incluso puedes seleccionar tus intereses personales y las fechas en las que est\u00e1s en la isla en tu <a href=\"https:\/\/staging.curacaotodo.com\/es\/store-manager\/\">perfil personal<\/a>. Esto te garantiza que s\u00f3lo recibir\u00e1s la informaci\u00f3n que realmente deseas, y s\u00f3lo cuando la desees.<\/p><h2>\u00bfQui\u00e9n fund\u00f3 CuracaoTodo y por qu\u00e9?<\/h2><p>CuracaoTodo.com fue fundada por <a href=\"https:\/\/www.linkedin.com\/in\/wouterschoemaker\" target=\"_blank\" rel=\"noopener noreferrer nofollow\">Wouter Schoemaker<\/a>. Wouter \u00abSoy comerciante holand\u00e9s y llevo muchos a\u00f1os visitando Cura\u00e7ao antes de trasladarme a la isla permanentemente. Todas las vacaciones volv\u00ed a sorprenderme de la falta de transparencia sobre las mejores cosas que hacer en la isla. Sobre todo porque hay muchos que casi nadie conoce. Sent\u00ed que quer\u00eda crear negocio para las empresas locales y, al mismo tiempo, mostrar a los turistas que Cura\u00e7ao es mucho m\u00e1s que playas y vida nocturna.<\/p><p>Tengo experiencia profesional como intermediair en empleo, marketing e inform\u00e1tica. Decid\u00ed utilizar mi experiencia para ganar sonrisas a dos bandas, conectando a turistas y clientes locales con las mejores actividades y empresas. Centr\u00e1ndome y viviendo en Cura\u00e7ao, \u00a1me esfuerzo por ser el Gu\u00eda Tur\u00edstico Online de la isla!\u00bb<\/p><p>Y Wouter no est\u00e1 solo&#8230; Trabaja junto a muchas personas que llevan muchos a\u00f1os viviendo en Cura\u00e7ao, y juntos se aseguran de que cualquier cosa que quieras hacer, la encontrar\u00e1s en este \u00fanico sitio web.<\/p><p>\u00a1M\u00e1s por explorar!<\/p><h2>\u00bfC\u00f3mo puedes ayudarnos?<\/h2><p>Nos encanta conocer tus experiencias con nuestro sitio web. Si crees que nos falta alguna informaci\u00f3n \u00fatil o si quieres sugerir alguna caracter\u00edstica futura para este sitio web, no dudes en ponerte en contacto directamente con Wouter en <a href=\"mailto:wouter@curacaotodo.com\">wouter@curacaotodo.com<\/a>.<\/p>","protected":false},"excerpt":{"rendered":"<p>\u00a1Una visi\u00f3n completa! Por fin&#8230;T\u00e9cnicamente se podr\u00eda decir que nuestra declaraci\u00f3n de objetivos es ofrecer la primer listado completo y consultable, una visi\u00f3n general y la mejor informaci\u00f3n sobre todas las Actividades, Ofertas y Empresas de la isla de Cura\u00e7ao.Te ofrecemos todo lo que necesitas para encontrar las mejores actividades y lugares que har\u00e1n que [&hellip;]<\/p>\n","protected":false},"author":1,"featured_media":20649,"parent":0,"menu_order":0,"comment_status":"closed","ping_status":"closed","template":"","meta":{"_acf_changed":false,"footnotes":""},"class_list":["post-20657","page","type-page","status-publish","has-post-thumbnail","hentry"],"acf":[],"_links":{"self":[{"href":"https:\/\/staging.curacaotodo.com\/es\/wp-json\/wp\/v2\/pages\/20657","targetHints":{"allow":["GET"]}}],"collection":[{"href":"https:\/\/staging.curacaotodo.com\/es\/wp-json\/wp\/v2\/pages"}],"about":[{"href":"https:\/\/staging.curacaotodo.com\/es\/wp-json\/wp\/v2\/types\/page"}],"author":[{"embeddable":true,"href":"https:\/\/staging.curacaotodo.com\/es\/wp-json\/wp\/v2\/users\/1"}],"replies":[{"embeddable":true,"href":"https:\/\/staging.curacaotodo.com\/es\/wp-json\/wp\/v2\/comments?post=20657"}],"version-history":[{"count":0,"href":"https:\/\/staging.curacaotodo.com\/es\/wp-json\/wp\/v2\/pages\/20657\/revisions"}],"wp:featuredmedia":[{"embeddable":true,"href":"https:\/\/staging.curacaotodo.com\/es\/wp-json\/wp\/v2\/media\/20649"}],"wp:attachment":[{"href":"https:\/\/staging.curacaotodo.com\/es\/wp-json\/wp\/v2\/media?parent=20657"}],"curies":[{"name":"wp","href":"https:\/\/api.w.org\/{rel}","templated":true}]}}