{"id":7140,"date":"2020-02-15T16:59:40","date_gmt":"2020-02-15T16:59:40","guid":{"rendered":"https:\/\/curacaotodo.com\/product\/city-and-east-part-tour\/"},"modified":"2025-04-04T06:34:36","modified_gmt":"2025-04-04T10:34:36","slug":"city-and-east-part-tour","status":"publish","type":"product","link":"https:\/\/staging.curacaotodo.com\/en\/activity\/city-and-east-part-tour\/","title":{"rendered":"City and East Part Tour"},"content":{"rendered":"<p>Stops at the Curacao Liqueur factory (Parada a la f\u00e1brica de lic\u00f3r Curazao)<br \/>Stop at <a href=\"https:\/\/staging.curacaotodo.com\/en\/areas\/jan-thiel\/\">Jan Thiel<\/a> residential area with a breathtaking view of the Table Mountain and Spanish Water.(Parada en la area residenci\u00e1l de Jan Thiel con vista impressionante de la Monta\u00f1a de Tabla y Aguas Espa\u00f1olas)<br \/>Drink stop at a local soda fountain and beach picture stop (Parada de fotos en la playa con acceso a consum\u00edr refrescos)<\/p>","protected":false},"excerpt":{"rendered":"<p>Stops at the Curacao Liqueur factory (Parada a la f\u00e1brica de lic\u00f3r Curazao)Stop at Jan Thiel residential area with a breathtaking view of the Table Mountain and Spanish Water.(Parada en la area residenci\u00e1l de Jan Thiel con vista impressionante de la Monta\u00f1a de Tabla y Aguas Espa\u00f1olas)Drink stop at a local soda fountain and beach [&hellip;]<\/p>\n","protected":false},"featured_media":7141,"comment_status":"open","ping_status":"closed","template":"","meta":{"_acf_changed":false},"activity-source":[],"company-partner":[],"store":[],"product_brand":[],"product_cat":[94],"product_tag":[],"class_list":{"0":"post-7140","1":"product","2":"type-product","3":"status-publish","4":"has-post-thumbnail","6":"product_cat-curacao","8":"first","9":"instock","10":"virtual","11":"sold-individually","12":"product-type-simple"},"acf":[],"_links":{"self":[{"href":"https:\/\/staging.curacaotodo.com\/en\/wp-json\/wp\/v2\/product\/7140","targetHints":{"allow":["GET"]}}],"collection":[{"href":"https:\/\/staging.curacaotodo.com\/en\/wp-json\/wp\/v2\/product"}],"about":[{"href":"https:\/\/staging.curacaotodo.com\/en\/wp-json\/wp\/v2\/types\/product"}],"replies":[{"embeddable":true,"href":"https:\/\/staging.curacaotodo.com\/en\/wp-json\/wp\/v2\/comments?post=7140"}],"wp:featuredmedia":[{"embeddable":true,"href":"https:\/\/staging.curacaotodo.com\/en\/wp-json\/wp\/v2\/media\/7141"}],"wp:attachment":[{"href":"https:\/\/staging.curacaotodo.com\/en\/wp-json\/wp\/v2\/media?parent=7140"}],"wp:term":[{"taxonomy":"activity-source","embeddable":true,"href":"https:\/\/staging.curacaotodo.com\/en\/wp-json\/wp\/v2\/activity-source?post=7140"},{"taxonomy":"company-partner","embeddable":true,"href":"https:\/\/staging.curacaotodo.com\/en\/wp-json\/wp\/v2\/company-partner?post=7140"},{"taxonomy":"store","embeddable":true,"href":"https:\/\/staging.curacaotodo.com\/en\/wp-json\/wp\/v2\/store?post=7140"},{"taxonomy":"product_brand","embeddable":true,"href":"https:\/\/staging.curacaotodo.com\/en\/wp-json\/wp\/v2\/product_brand?post=7140"},{"taxonomy":"product_cat","embeddable":true,"href":"https:\/\/staging.curacaotodo.com\/en\/wp-json\/wp\/v2\/product_cat?post=7140"},{"taxonomy":"product_tag","embeddable":true,"href":"https:\/\/staging.curacaotodo.com\/en\/wp-json\/wp\/v2\/product_tag?post=7140"}],"curies":[{"name":"wp","href":"https:\/\/api.w.org\/{rel}","templated":true}]}}